{"id":986,"date":"2017-10-07T15:05:10","date_gmt":"2017-10-07T21:05:10","guid":{"rendered":"http:\/\/megamascotasdf.com\/megamascotas\/?post_type=product&#038;p=986"},"modified":"2022-11-09T13:21:45","modified_gmt":"2022-11-09T19:21:45","slug":"cepillo-doble-para-gato-hartz","status":"publish","type":"product","link":"https:\/\/megamascotasdf.com\/megamascotas\/producto\/cepillo-doble-para-gato-hartz\/","title":{"rendered":"Cepillo doble para gato HARTZ"},"content":{"rendered":"<p>Cepillo 2 en 1 para gatos. De un lado cerdas de acero con puntas protegidas y del otro cerdas de nylon.<br \/>\nCon mango anti-derrapante.<br \/>\nDos cepillos, dos acciones en uno, de un lado cerdas de metal delgadas y flexibles sobre una almohadilla, y del otro lado cerdas pl\u00e1sticas para distribuir los aceites naturales protectores de la piel del gato.<br \/>\nSe recomienda para acicalar, desenredar y remover el pelo muerto f\u00e1cilmente, manteniendo el pelaje suave y brillante, adem\u00e1s el gato se relajar\u00e1 durante el proceso, sinti\u00e9ndose aliviado sin los pelos muertos.<\/p>\n","protected":false},"excerpt":{"rendered":"<p>Excelente cepillo DESENREDANTE para gato HARTZ<\/p>\n","protected":false},"featured_media":5503,"comment_status":"open","ping_status":"closed","template":"","meta":[],"product_cat":[16,23],"product_tag":[],"jetpack_publicize_connections":[],"_links":{"self":[{"href":"https:\/\/megamascotasdf.com\/megamascotas\/wp-json\/wp\/v2\/product\/986"}],"collection":[{"href":"https:\/\/megamascotasdf.com\/megamascotas\/wp-json\/wp\/v2\/product"}],"about":[{"href":"https:\/\/megamascotasdf.com\/megamascotas\/wp-json\/wp\/v2\/types\/product"}],"replies":[{"embeddable":true,"href":"https:\/\/megamascotasdf.com\/megamascotas\/wp-json\/wp\/v2\/comments?post=986"}],"wp:featuredmedia":[{"embeddable":true,"href":"https:\/\/megamascotasdf.com\/megamascotas\/wp-json\/wp\/v2\/media\/5503"}],"wp:attachment":[{"href":"https:\/\/megamascotasdf.com\/megamascotas\/wp-json\/wp\/v2\/media?parent=986"}],"wp:term":[{"taxonomy":"product_cat","embeddable":true,"href":"https:\/\/megamascotasdf.com\/megamascotas\/wp-json\/wp\/v2\/product_cat?post=986"},{"taxonomy":"product_tag","embeddable":true,"href":"https:\/\/megamascotasdf.com\/megamascotas\/wp-json\/wp\/v2\/product_tag?post=986"}],"curies":[{"name":"wp","href":"https:\/\/api.w.org\/{rel}","templated":true}]}}