{"id":962,"date":"2017-09-30T12:40:14","date_gmt":"2017-09-30T18:40:14","guid":{"rendered":"http:\/\/megamascotasdf.com\/megamascotas\/?post_type=product&#038;p=962"},"modified":"2021-09-13T09:33:35","modified_gmt":"2021-09-13T15:33:35","slug":"gimnasio-loros","status":"publish","type":"product","link":"https:\/\/megamascotasdf.com\/megamascotas\/producto\/gimnasio-loros\/","title":{"rendered":"Gimnasio Loros"},"content":{"rendered":"<p>La extraordinaria inteligencia de muchas aves requiere de un entretenimiento constante y variado. Al no proporcionarse los suficientes estimulos fisicos y mentales a las aves, llegan a presentarse signos de aburrimiento y estr\u00e9s como la costumbre de arrancarse las plumas, problemas de conducta como la agresi\u00f3n hacia sus propietarios o hacia sus compa\u00f1eros de jaula.<br \/>\nPor lo tanto es de vital importancia proporcionar elementos que contribuyan a distraer y a entretener la inteligencia de las aves, no s\u00f3lo se reflejar\u00e1 en su conducta, sino tambi\u00e9n en su salud, ya que adem\u00e1s de proporcionar horas y horas de entretenimiento, los materiales con que est\u00e1 fabricado este gimnasio permiten un sano desgaste del pico con total seguridad.<\/p>\n","protected":false},"excerpt":{"rendered":"<p>H\u00e1bitat de 67 cm ancho x 65 cm fondo x 132 cm alto.<br \/>\nCharola: 41 cm x 41 cm x 3 cm<\/p>\n","protected":false},"featured_media":963,"comment_status":"open","ping_status":"closed","template":"","meta":[],"product_cat":[20,71],"product_tag":[],"jetpack_publicize_connections":[],"_links":{"self":[{"href":"https:\/\/megamascotasdf.com\/megamascotas\/wp-json\/wp\/v2\/product\/962"}],"collection":[{"href":"https:\/\/megamascotasdf.com\/megamascotas\/wp-json\/wp\/v2\/product"}],"about":[{"href":"https:\/\/megamascotasdf.com\/megamascotas\/wp-json\/wp\/v2\/types\/product"}],"replies":[{"embeddable":true,"href":"https:\/\/megamascotasdf.com\/megamascotas\/wp-json\/wp\/v2\/comments?post=962"}],"wp:featuredmedia":[{"embeddable":true,"href":"https:\/\/megamascotasdf.com\/megamascotas\/wp-json\/wp\/v2\/media\/963"}],"wp:attachment":[{"href":"https:\/\/megamascotasdf.com\/megamascotas\/wp-json\/wp\/v2\/media?parent=962"}],"wp:term":[{"taxonomy":"product_cat","embeddable":true,"href":"https:\/\/megamascotasdf.com\/megamascotas\/wp-json\/wp\/v2\/product_cat?post=962"},{"taxonomy":"product_tag","embeddable":true,"href":"https:\/\/megamascotasdf.com\/megamascotas\/wp-json\/wp\/v2\/product_tag?post=962"}],"curies":[{"name":"wp","href":"https:\/\/api.w.org\/{rel}","templated":true}]}}