{"id":925,"date":"2017-09-25T14:39:59","date_gmt":"2017-09-25T20:39:59","guid":{"rendered":"http:\/\/megamascotasdf.com\/megamascotas\/?post_type=product&#038;p=925"},"modified":"2017-09-25T14:39:59","modified_gmt":"2017-09-25T20:39:59","slug":"tijera-corta-unas","status":"publish","type":"product","link":"https:\/\/megamascotasdf.com\/megamascotas\/producto\/tijera-corta-unas\/","title":{"rendered":"Tijera corta u\u00f1as"},"content":{"rendered":"<p>Tijera corta u\u00f1as para un corte preciso y r\u00e1pido.<br \/>\nSe recomienda que al recortar las u\u00f1as tenga cerca alguna sustancia de cauterizaci\u00f3n por si hay hemorragia.<br \/>\nRecorte las u\u00f1as del gato regularmente para que ra\u00edz no crezca demasiado y tambi\u00e9n para evitar accidentes, sobre todo en gatos a los que no se les desgastan por estar en casa.<\/p>\n","protected":false},"excerpt":{"rendered":"<p>\u2022Previene accidentes por ruptura de u\u00f1as excesivamente largas.<br \/>\n\u2022Podr\u00e1 realizar cortes f\u00e1cilmente.<\/p>\n","protected":false},"featured_media":930,"comment_status":"open","ping_status":"closed","template":"","meta":[],"product_cat":[17,38],"product_tag":[],"jetpack_publicize_connections":[],"_links":{"self":[{"href":"https:\/\/megamascotasdf.com\/megamascotas\/wp-json\/wp\/v2\/product\/925"}],"collection":[{"href":"https:\/\/megamascotasdf.com\/megamascotas\/wp-json\/wp\/v2\/product"}],"about":[{"href":"https:\/\/megamascotasdf.com\/megamascotas\/wp-json\/wp\/v2\/types\/product"}],"replies":[{"embeddable":true,"href":"https:\/\/megamascotasdf.com\/megamascotas\/wp-json\/wp\/v2\/comments?post=925"}],"wp:featuredmedia":[{"embeddable":true,"href":"https:\/\/megamascotasdf.com\/megamascotas\/wp-json\/wp\/v2\/media\/930"}],"wp:attachment":[{"href":"https:\/\/megamascotasdf.com\/megamascotas\/wp-json\/wp\/v2\/media?parent=925"}],"wp:term":[{"taxonomy":"product_cat","embeddable":true,"href":"https:\/\/megamascotasdf.com\/megamascotas\/wp-json\/wp\/v2\/product_cat?post=925"},{"taxonomy":"product_tag","embeddable":true,"href":"https:\/\/megamascotasdf.com\/megamascotas\/wp-json\/wp\/v2\/product_tag?post=925"}],"curies":[{"name":"wp","href":"https:\/\/api.w.org\/{rel}","templated":true}]}}