{"id":8371,"date":"2024-08-26T12:11:44","date_gmt":"2024-08-26T18:11:44","guid":{"rendered":"https:\/\/megamascotasdf.com\/megamascotas\/?post_type=product&#038;p=8371"},"modified":"2024-08-26T17:02:57","modified_gmt":"2024-08-26T23:02:57","slug":"bravecto","status":"publish","type":"product","link":"https:\/\/megamascotasdf.com\/megamascotas\/producto\/bravecto\/","title":{"rendered":"Bravecto MSD"},"content":{"rendered":"<p>Para el control de infestaciones por garrapatas y pulgas en perros con actividad inmediata y de larga duraci\u00f3n durante 12 semanas. Proporciona una actividad para matar garrapatas (Ixodes ricinus, Ixodes hexagonus, Ixodes scapularis, Ixodes holocyclus, Dermacentor reticulatus, Dermacentor variabilis y Rhipicephalus sanguineus (adultas y juveniles) y pulgas (Ctenocephalides felis y Ctenocephalides canis).<\/p>\n<p>Bravecto provee protecci\u00f3n contra infecciones por Babesia canis transmitida por garrapatas del g\u00e9nero Dermacentor reticulatus debido a la muerte de las garrapatas antes de que la transmisi\u00f3n de la enfermedad ocurra. Esta protecci\u00f3n se ha demostrado por un periodo de 12 semanas posteriores al tratamiento. Para el tratamiento de la demodicosis causada por Demodex spp., sarna sarc\u00f3ptica e infestaciones por \u00e1caros Otodectes spp. en perros.<\/p>\n","protected":false},"excerpt":{"rendered":"<p>Para el control de infestaciones por garrapatas y pulgas en perros con actividad inmediata y de larga duraci\u00f3n durante 12 semanas. Proporciona una actividad para matar garrapatas (Ixodes ricinus, Ixodes hexagonus, Ixodes scapularis, Ixodes holocyclus, Dermacentor reticulatus, Dermacentor variabilis y Rhipicephalus sanguineus (adultas y juveniles) y pulgas (Ctenocephalides felis y Ctenocephalides canis). Bravecto provee protecci\u00f3n [&hellip;]<\/p>\n","protected":false},"featured_media":8377,"comment_status":"open","ping_status":"closed","template":"","meta":[],"product_cat":[16,24],"product_tag":[],"jetpack_publicize_connections":[],"_links":{"self":[{"href":"https:\/\/megamascotasdf.com\/megamascotas\/wp-json\/wp\/v2\/product\/8371"}],"collection":[{"href":"https:\/\/megamascotasdf.com\/megamascotas\/wp-json\/wp\/v2\/product"}],"about":[{"href":"https:\/\/megamascotasdf.com\/megamascotas\/wp-json\/wp\/v2\/types\/product"}],"replies":[{"embeddable":true,"href":"https:\/\/megamascotasdf.com\/megamascotas\/wp-json\/wp\/v2\/comments?post=8371"}],"wp:featuredmedia":[{"embeddable":true,"href":"https:\/\/megamascotasdf.com\/megamascotas\/wp-json\/wp\/v2\/media\/8377"}],"wp:attachment":[{"href":"https:\/\/megamascotasdf.com\/megamascotas\/wp-json\/wp\/v2\/media?parent=8371"}],"wp:term":[{"taxonomy":"product_cat","embeddable":true,"href":"https:\/\/megamascotasdf.com\/megamascotas\/wp-json\/wp\/v2\/product_cat?post=8371"},{"taxonomy":"product_tag","embeddable":true,"href":"https:\/\/megamascotasdf.com\/megamascotas\/wp-json\/wp\/v2\/product_tag?post=8371"}],"curies":[{"name":"wp","href":"https:\/\/api.w.org\/{rel}","templated":true}]}}