{"id":8324,"date":"2024-04-13T15:08:50","date_gmt":"2024-04-13T21:08:50","guid":{"rendered":"https:\/\/megamascotasdf.com\/megamascotas\/?post_type=product&#038;p=8324"},"modified":"2024-04-13T15:08:51","modified_gmt":"2024-04-13T21:08:51","slug":"sustrato-de-madera-fina-redkite-8l","status":"publish","type":"product","link":"https:\/\/megamascotasdf.com\/megamascotas\/producto\/sustrato-de-madera-fina-redkite-8l\/","title":{"rendered":"Sustrato de Madera Fina RedKite 8L"},"content":{"rendered":"<p>El Sustrato de Madera fina de RedKite\u00ae es ideal para brindar a tu mascota un h\u00e1bitat c\u00f3modo, limpio y seco. Mantiene a tu mascota libre de polvo, sustancias t\u00f3xicas y microorganismos pat\u00f3genos.<\/p>\n<p>Modo de Uso:<br \/>\nColoca el sustrato uniformemente en la jaula o h\u00e1bitat de tu mascota hasta alcanzar de 3 a 5 cm de altura. Cambia el sustrato una vez a la semana, desinfecta bien la jaula antes de agregar el nuevo sustrato. Mant\u00e9ngase en un lugar seco, evite que se humedezca. Mant\u00e9ngase fuera del alcance de ni\u00f1os.<\/p>\n<p>Beneficios:<br \/>\n\u2022 Viruta fina \u2022 Absorbe su peso en agua \u2022 Reduce el olor de la orina \u2022 Sugerido para peque\u00f1os mam\u00edferos de distintas especies: H\u00e1mster, jerbo, conejo, chinchilla, erizos terrestres, cobayas o cuyos y hurones. \u2022 Se retira f\u00e1cilmente evitando desperdicios. \u2022 Puedes combinarlo con otros tipos de sustratos para satisfacer las necesidades espec\u00edficas de tu mascota. \u2022 Compostable y biodegradable.<\/p>\n","protected":false},"excerpt":{"rendered":"<p>Marca: Redkite<br \/>\nEspecie: Peque\u00f1os Mam\u00edferos<br \/>\nContenido neto: 8 L<\/p>\n","protected":false},"featured_media":8330,"comment_status":"open","ping_status":"closed","template":"","meta":[],"product_cat":[19,66,67],"product_tag":[109],"jetpack_publicize_connections":[],"_links":{"self":[{"href":"https:\/\/megamascotasdf.com\/megamascotas\/wp-json\/wp\/v2\/product\/8324"}],"collection":[{"href":"https:\/\/megamascotasdf.com\/megamascotas\/wp-json\/wp\/v2\/product"}],"about":[{"href":"https:\/\/megamascotasdf.com\/megamascotas\/wp-json\/wp\/v2\/types\/product"}],"replies":[{"embeddable":true,"href":"https:\/\/megamascotasdf.com\/megamascotas\/wp-json\/wp\/v2\/comments?post=8324"}],"wp:featuredmedia":[{"embeddable":true,"href":"https:\/\/megamascotasdf.com\/megamascotas\/wp-json\/wp\/v2\/media\/8330"}],"wp:attachment":[{"href":"https:\/\/megamascotasdf.com\/megamascotas\/wp-json\/wp\/v2\/media?parent=8324"}],"wp:term":[{"taxonomy":"product_cat","embeddable":true,"href":"https:\/\/megamascotasdf.com\/megamascotas\/wp-json\/wp\/v2\/product_cat?post=8324"},{"taxonomy":"product_tag","embeddable":true,"href":"https:\/\/megamascotasdf.com\/megamascotas\/wp-json\/wp\/v2\/product_tag?post=8324"}],"curies":[{"name":"wp","href":"https:\/\/api.w.org\/{rel}","templated":true}]}}