{"id":832,"date":"2017-09-19T11:17:00","date_gmt":"2017-09-19T17:17:00","guid":{"rendered":"http:\/\/megamascotasdf.com\/megamascotas\/?post_type=product&#038;p=832"},"modified":"2022-03-19T14:31:55","modified_gmt":"2022-03-19T20:31:55","slug":"mueble-rascador-arco-50cm","status":"publish","type":"product","link":"https:\/\/megamascotasdf.com\/megamascotas\/producto\/mueble-rascador-arco-50cm\/","title":{"rendered":"Mueble Rascador Arco 50cm"},"content":{"rendered":"<p>Los gatos tienen la necesidad vital de afilar sus u\u00f1as. Para ello, la mejor soluci\u00f3n son los rascadores para gatos. En ellos el gato podr\u00e1 seguir sus instintos naturales sin que nuestros muebles sufran las consecuencias. Adem\u00e1s, son una zona ideal de juego y descanso.<\/p>\n<p>Caracter\u00edsticas:<\/p>\n<ul>\n<li>Rascador fabricado en madera y forrado de suave felpa.<\/li>\n<li>Materiales resistentes y duraderos.<\/li>\n<li>Medidas: 37 cm X 36 cm X 50 cm<\/li>\n<\/ul>\n<p>Beneficios:<\/p>\n<ul>\n<li>F\u00e1cil de montar y desmontar.<\/li>\n<li>El gato podr\u00e1 rascar y jugar con \u00e9l tanto como quieran gracias la plataforma y arco donde podr\u00e1 esconderse o dormir.<\/li>\n<\/ul>\n","protected":false},"excerpt":{"rendered":"<p>Medidas:\u00a0 37 cm X 36 cm X 50 cm<\/p>\n","protected":false},"featured_media":6374,"comment_status":"open","ping_status":"closed","template":"","meta":[],"product_cat":[17,46],"product_tag":[],"jetpack_publicize_connections":[],"_links":{"self":[{"href":"https:\/\/megamascotasdf.com\/megamascotas\/wp-json\/wp\/v2\/product\/832"}],"collection":[{"href":"https:\/\/megamascotasdf.com\/megamascotas\/wp-json\/wp\/v2\/product"}],"about":[{"href":"https:\/\/megamascotasdf.com\/megamascotas\/wp-json\/wp\/v2\/types\/product"}],"replies":[{"embeddable":true,"href":"https:\/\/megamascotasdf.com\/megamascotas\/wp-json\/wp\/v2\/comments?post=832"}],"wp:featuredmedia":[{"embeddable":true,"href":"https:\/\/megamascotasdf.com\/megamascotas\/wp-json\/wp\/v2\/media\/6374"}],"wp:attachment":[{"href":"https:\/\/megamascotasdf.com\/megamascotas\/wp-json\/wp\/v2\/media?parent=832"}],"wp:term":[{"taxonomy":"product_cat","embeddable":true,"href":"https:\/\/megamascotasdf.com\/megamascotas\/wp-json\/wp\/v2\/product_cat?post=832"},{"taxonomy":"product_tag","embeddable":true,"href":"https:\/\/megamascotasdf.com\/megamascotas\/wp-json\/wp\/v2\/product_tag?post=832"}],"curies":[{"name":"wp","href":"https:\/\/api.w.org\/{rel}","templated":true}]}}