{"id":8283,"date":"2023-11-15T12:29:43","date_gmt":"2023-11-15T18:29:43","guid":{"rendered":"https:\/\/megamascotasdf.com\/megamascotas\/?post_type=product&#038;p=8283"},"modified":"2025-08-27T12:46:09","modified_gmt":"2025-08-27T18:46:09","slug":"nexgard-spectra-3-tabletas-boehringer-ingelheim","status":"publish","type":"product","link":"https:\/\/megamascotasdf.com\/megamascotas\/producto\/nexgard-spectra-3-tabletas-boehringer-ingelheim\/","title":{"rendered":"NexGard Spectra 3 Tabletas Boehringer Ingelheim"},"content":{"rendered":"<p>NexGard SPECTRA es un masticable con sabor a carne muy apetecible, se administra una vez al mes proporcionando la protecci\u00f3n m\u00e1s completa contra pulgas, garrapatas (garrapata marr\u00f3n del perro, garrapata arbustiva y la garrapata de la par\u00e1lisis), \u00e1caros, gusanos del coraz\u00f3n y gusanos intestinales en un solo masticable.<\/p>\n<p>Ingredientes activos: Afoxolaner y Milbemicina oxima.<\/p>\n<p>Beneficios<\/p>\n<p>Elimina pulgas r\u00e1pidamente<br \/>\nElimina garrapatas<br \/>\nElimina \u00e1caros, causantes de sarna<br \/>\nElimina gusanos intestinales (redondos, de gancho y de l\u00e1tigo)<br \/>\nPreviene gusano de coraz\u00f3n<br \/>\nPreviene gusanos tisulares (gusano del ojo y gusano pulmonar)<br \/>\nTodo en un solo masticable sabroso que los perros prefieren<\/p>\n<p>NexGard SPECTRA pueden administrarse en cachorros a partir de las 8 semanas de edad, siempre que pese al menos 2 kg. Para m\u00e1s informaci\u00f3n consulta a tu M\u00e9dico Veterinario.<\/p>\n<p>Modo de administraci\u00f3n: NexGard SPECTRA es un masticable sabor a res que se consume v\u00eda oral \u00fanicamente. Para facilitar la dosificaci\u00f3n, NexGard SPECTRA puede administrarse con o sin comida. Remueve solo un masticable a la vez de su envoltura. NexGard SPECTRA es un masticable con alta palatabilidad que es f\u00e1cilmente consumido por los perros cuando se les ofrece como un premio.Repita el tratamiento una vez al mes.<\/p>\n<p>Para perros con m\u00e1s de 60 kg. de peso, se debe administrar la combinaci\u00f3n apropiada de masticables. Por ejemplo: para un perro de 75 kg, administra un masticable para perro de 30.1-60 kg junto con uno de 7.6-15 kg.<\/p>\n<p>Seguridad: NexGard SPECTRA puede causar trastornos gastrointestinales si es consumido por humanos. En caso de ingesta accidental, particularmente en el caso de ni\u00f1os, busque atenci\u00f3n m\u00e9dica inmediatamente, y muestre el instructivo o la etiqueta al m\u00e9dico. Para disminuir el riesgo de ingesta accidental, mantenga lejos del alcance de ni\u00f1os, remueve un masticable a la vez de su envoltura y admin\u00edstralo al perro inmediatamente.<\/p>\n","protected":false},"excerpt":{"rendered":"<p>NexGard SPECTRA es un masticable con sabor a carne muy apetecible, se administra una vez al mes proporcionando la protecci\u00f3n m\u00e1s completa contra pulgas, garrapatas (garrapata marr\u00f3n del perro, garrapata arbustiva y la garrapata de la par\u00e1lisis), \u00e1caros, gusanos del coraz\u00f3n y gusanos intestinales en un solo masticable. Ingredientes activos: Afoxolaner y Milbemicina oxima. Beneficios [&hellip;]<\/p>\n","protected":false},"featured_media":8311,"comment_status":"open","ping_status":"closed","template":"","meta":[],"product_cat":[16,24],"product_tag":[],"jetpack_publicize_connections":[],"_links":{"self":[{"href":"https:\/\/megamascotasdf.com\/megamascotas\/wp-json\/wp\/v2\/product\/8283"}],"collection":[{"href":"https:\/\/megamascotasdf.com\/megamascotas\/wp-json\/wp\/v2\/product"}],"about":[{"href":"https:\/\/megamascotasdf.com\/megamascotas\/wp-json\/wp\/v2\/types\/product"}],"replies":[{"embeddable":true,"href":"https:\/\/megamascotasdf.com\/megamascotas\/wp-json\/wp\/v2\/comments?post=8283"}],"wp:featuredmedia":[{"embeddable":true,"href":"https:\/\/megamascotasdf.com\/megamascotas\/wp-json\/wp\/v2\/media\/8311"}],"wp:attachment":[{"href":"https:\/\/megamascotasdf.com\/megamascotas\/wp-json\/wp\/v2\/media?parent=8283"}],"wp:term":[{"taxonomy":"product_cat","embeddable":true,"href":"https:\/\/megamascotasdf.com\/megamascotas\/wp-json\/wp\/v2\/product_cat?post=8283"},{"taxonomy":"product_tag","embeddable":true,"href":"https:\/\/megamascotasdf.com\/megamascotas\/wp-json\/wp\/v2\/product_tag?post=8283"}],"curies":[{"name":"wp","href":"https:\/\/api.w.org\/{rel}","templated":true}]}}