{"id":8194,"date":"2023-05-13T15:04:31","date_gmt":"2023-05-13T21:04:31","guid":{"rendered":"https:\/\/megamascotasdf.com\/megamascotas\/?post_type=product&#038;p=8194"},"modified":"2023-11-15T12:33:59","modified_gmt":"2023-11-15T18:33:59","slug":"paquete-de-3-x-collar-antipulgas-2-en-1-p-perros-adultos-hartz","status":"publish","type":"product","link":"https:\/\/megamascotasdf.com\/megamascotas\/producto\/paquete-de-3-x-collar-antipulgas-2-en-1-p-perros-adultos-hartz\/","title":{"rendered":"Paquete de 3 x Collar Antipulgas 2 en 1 p\/Perros Adultos Hartz"},"content":{"rendered":"<p>El collar para perros Hartz Ultra Guard mata y repele tanto las pulgas y garrapatas durante 5 meses, deteniendo as\u00ed el ciclo de vida de las pulgas, previniendo as\u00ed futuras reinfestaci\u00f3nes.<\/p>\n<p>Resistente al agua.<\/p>\n<p>No utilizar en cachorros menores de 6 semanas de edad.<\/p>\n<p>Lea toda la etiqueta antes de cada uso.<\/p>\n<p>Use solamente en perros.<\/p>\n<p>Ingredientes activos:<br \/>\nTetraclorvinfos 14,55%<br \/>\nOtros ingredientes 85,45%<br \/>\nTotal 100.00%<br \/>\nN\u00famero de registro EPA 2596-84<\/p>\n<p>Contenido Neto 0, 85 oz (24g)<\/p>\n","protected":false},"excerpt":{"rendered":"<p>Cantidad: 3 collares.<\/p>\n","protected":false},"featured_media":8193,"comment_status":"open","ping_status":"closed","template":"","meta":[],"product_cat":[16,24,23],"product_tag":[],"jetpack_publicize_connections":[],"_links":{"self":[{"href":"https:\/\/megamascotasdf.com\/megamascotas\/wp-json\/wp\/v2\/product\/8194"}],"collection":[{"href":"https:\/\/megamascotasdf.com\/megamascotas\/wp-json\/wp\/v2\/product"}],"about":[{"href":"https:\/\/megamascotasdf.com\/megamascotas\/wp-json\/wp\/v2\/types\/product"}],"replies":[{"embeddable":true,"href":"https:\/\/megamascotasdf.com\/megamascotas\/wp-json\/wp\/v2\/comments?post=8194"}],"wp:featuredmedia":[{"embeddable":true,"href":"https:\/\/megamascotasdf.com\/megamascotas\/wp-json\/wp\/v2\/media\/8193"}],"wp:attachment":[{"href":"https:\/\/megamascotasdf.com\/megamascotas\/wp-json\/wp\/v2\/media?parent=8194"}],"wp:term":[{"taxonomy":"product_cat","embeddable":true,"href":"https:\/\/megamascotasdf.com\/megamascotas\/wp-json\/wp\/v2\/product_cat?post=8194"},{"taxonomy":"product_tag","embeddable":true,"href":"https:\/\/megamascotasdf.com\/megamascotas\/wp-json\/wp\/v2\/product_tag?post=8194"}],"curies":[{"name":"wp","href":"https:\/\/api.w.org\/{rel}","templated":true}]}}