{"id":8190,"date":"2023-05-13T14:44:54","date_gmt":"2023-05-13T20:44:54","guid":{"rendered":"https:\/\/megamascotasdf.com\/megamascotas\/?post_type=product&#038;p=8190"},"modified":"2023-05-19T13:56:48","modified_gmt":"2023-05-19T19:56:48","slug":"paquete-de-4-x-collar-antipulgas-p-gatos-medical-solutions","status":"publish","type":"product","link":"https:\/\/megamascotasdf.com\/megamascotas\/producto\/paquete-de-4-x-collar-antipulgas-p-gatos-medical-solutions\/","title":{"rendered":"Paquete de 4 x Collar Antipulgas p\/Gatos Medical Solutions"},"content":{"rendered":"<p>El collar antipulgas para gatos (a partir de 12 semanas de edad) de Medical Solutions\u00ae es un acaricida eficaz contra pulgas y garrapatas. Su mecanismo de acci\u00f3n act\u00faa como paralizador del par\u00e1sito, provocando su muerte y previniendo la reinfestaci\u00f3n. Es resistente al agua y repele a los ectopar\u00e1sitos hasta por 90 d\u00edas.<\/p>\n<p>Medidas: 39 cm<br \/>\nColor: Blanco<\/p>\n<p>Ingredientes:<br \/>\nTetraclorvinfos 12.00%<br \/>\nCloruro de polivinilo 88.00%<\/p>\n<p>Instrucciones de uso:<br \/>\n1) Antes de la colocaci\u00f3n del collar, extraiga las pulgas y garrapatas de las orejas para asegurar su eliminaci\u00f3n.<br \/>\n2) Antes de colocar el collar antipulgas en el cuello de la mascota, est\u00edrelo para activar el ingrediente activo.<br \/>\n3) Ajuste el collar sin apretar alrededor del cuello (debe haber un espacio de un dedo entre el collar y el cuello), corte el tramo sobrante y des\u00e9chelo; se puede colocar tambi\u00e9n el collar normal.<\/p>\n<p>EN CASO DE IRRITACI\u00d3N EN LA PIEL, RET\u00cdRELO INMEDIATAMENTE.<\/p>\n<p>Recomendaciones:<br \/>\nEn infestaciones severas de pulgas o garrapatas es necesario emplear un producto adicional que coadyuve al efecto insecticida deseado e interrumpa el ciclo vital de estos par\u00e1sitos. Previamente, ba\u00f1e a su mascota con un shampoo insecticida para retirar la mayor cantidad de ectopar\u00e1sitos posible. Repita el tratamiento a los tres d\u00edas y posteriormente cada semana durante 4 semanas. Tambi\u00e9n es necesario lavar el \u00e1rea donde descansa o pasea su mascota para matar huevos y larvas (camas, sof\u00e1s, alfombras, suelo, c\u00e9sped natural o sint\u00e9tico).<\/p>\n","protected":false},"excerpt":{"rendered":"<p>Cantidad: 4 collares.<\/p>\n","protected":false},"featured_media":8205,"comment_status":"open","ping_status":"closed","template":"","meta":[],"product_cat":[17,39,38],"product_tag":[],"jetpack_publicize_connections":[],"_links":{"self":[{"href":"https:\/\/megamascotasdf.com\/megamascotas\/wp-json\/wp\/v2\/product\/8190"}],"collection":[{"href":"https:\/\/megamascotasdf.com\/megamascotas\/wp-json\/wp\/v2\/product"}],"about":[{"href":"https:\/\/megamascotasdf.com\/megamascotas\/wp-json\/wp\/v2\/types\/product"}],"replies":[{"embeddable":true,"href":"https:\/\/megamascotasdf.com\/megamascotas\/wp-json\/wp\/v2\/comments?post=8190"}],"wp:featuredmedia":[{"embeddable":true,"href":"https:\/\/megamascotasdf.com\/megamascotas\/wp-json\/wp\/v2\/media\/8205"}],"wp:attachment":[{"href":"https:\/\/megamascotasdf.com\/megamascotas\/wp-json\/wp\/v2\/media?parent=8190"}],"wp:term":[{"taxonomy":"product_cat","embeddable":true,"href":"https:\/\/megamascotasdf.com\/megamascotas\/wp-json\/wp\/v2\/product_cat?post=8190"},{"taxonomy":"product_tag","embeddable":true,"href":"https:\/\/megamascotasdf.com\/megamascotas\/wp-json\/wp\/v2\/product_tag?post=8190"}],"curies":[{"name":"wp","href":"https:\/\/api.w.org\/{rel}","templated":true}]}}