{"id":7975,"date":"2022-10-28T15:02:47","date_gmt":"2022-10-28T21:02:47","guid":{"rendered":"https:\/\/megamascotasdf.com\/megamascotas\/?post_type=product&#038;p=7975"},"modified":"2022-10-28T16:41:45","modified_gmt":"2022-10-28T22:41:45","slug":"fish-net-red-para-peces-de-malla-fina-seachem","status":"publish","type":"product","link":"https:\/\/megamascotasdf.com\/megamascotas\/producto\/fish-net-red-para-peces-de-malla-fina-seachem\/","title":{"rendered":"Fish Net Red p\/Peces de Malla Fina Seachem"},"content":{"rendered":"<p>L\u00ednea premium de redes de malla fina para peces de acuario y estanque.<\/p>\n<p>El tipo de tejido y el material que lo compone evita posibles da\u00f1os en la mucosa de los peces a la hora de ser manipulados, y favorece un r\u00e1pido movimiento de esta a trav\u00e9s del agua, necesario para facilitar una exitosa captura.<\/p>\n","protected":false},"excerpt":{"rendered":"<p>L\u00ednea premium de redes de malla fina para peces de acuario y estanque. El tipo de tejido y el material que lo compone evita posibles da\u00f1os en la mucosa de los peces a la hora de ser manipulados, y favorece un r\u00e1pido movimiento de esta a trav\u00e9s del agua, necesario para facilitar una exitosa captura.<\/p>\n","protected":false},"featured_media":7979,"comment_status":"open","ping_status":"closed","template":"","meta":[],"product_cat":[18,54],"product_tag":[],"jetpack_publicize_connections":[],"_links":{"self":[{"href":"https:\/\/megamascotasdf.com\/megamascotas\/wp-json\/wp\/v2\/product\/7975"}],"collection":[{"href":"https:\/\/megamascotasdf.com\/megamascotas\/wp-json\/wp\/v2\/product"}],"about":[{"href":"https:\/\/megamascotasdf.com\/megamascotas\/wp-json\/wp\/v2\/types\/product"}],"replies":[{"embeddable":true,"href":"https:\/\/megamascotasdf.com\/megamascotas\/wp-json\/wp\/v2\/comments?post=7975"}],"wp:featuredmedia":[{"embeddable":true,"href":"https:\/\/megamascotasdf.com\/megamascotas\/wp-json\/wp\/v2\/media\/7979"}],"wp:attachment":[{"href":"https:\/\/megamascotasdf.com\/megamascotas\/wp-json\/wp\/v2\/media?parent=7975"}],"wp:term":[{"taxonomy":"product_cat","embeddable":true,"href":"https:\/\/megamascotasdf.com\/megamascotas\/wp-json\/wp\/v2\/product_cat?post=7975"},{"taxonomy":"product_tag","embeddable":true,"href":"https:\/\/megamascotasdf.com\/megamascotas\/wp-json\/wp\/v2\/product_tag?post=7975"}],"curies":[{"name":"wp","href":"https:\/\/api.w.org\/{rel}","templated":true}]}}