{"id":7809,"date":"2022-06-06T16:10:54","date_gmt":"2022-06-06T22:10:54","guid":{"rendered":"https:\/\/megamascotasdf.com\/megamascotas\/?post_type=product&#038;p=7809"},"modified":"2022-06-06T16:14:07","modified_gmt":"2022-06-06T22:14:07","slug":"grava-p-acuario-marmol-rojo-vino-lomas","status":"publish","type":"product","link":"https:\/\/megamascotasdf.com\/megamascotas\/producto\/grava-p-acuario-marmol-rojo-vino-lomas\/","title":{"rendered":"Grava p\/Acuario M\u00e1rmol Rojo Vino Lomas"},"content":{"rendered":"<p>Sustrato de origen natural ideal para la decoraci\u00f3n y funcionalidad de tu acuario.<\/p>\n<p>Al ser un sustrato inerte, no altera los par\u00e1metros del acuario de agua dulce.<\/p>\n<p>Ventajas:<br \/>\n- F\u00e1cil de limpiar<br \/>\n- Adecuado soporte para plantas acu\u00e1ticas<br \/>\n- Los colores de las gravas son naturales, no t\u00f3xicos para el acuario.<br \/>\n- Permite la oxigenaci\u00f3n del suelo evitando la proliferaci\u00f3n de bacterias da\u00f1inas para el acuario.<br \/>\n- Soporte para el crecimiento de bacterias nitrificantes, necesarias para la filtraci\u00f3n biol\u00f3gica del acuario.<\/p>\n<p>Modo de Uso:<br \/>\nEnjuague con agua de grifo para retirar cualquier tipo de suciedad, no utilice ning\u00fan tipo de jab\u00f3n, detergente o blanqueador. Coloque la grava limpia dentro del acuario hasta alcanzar el nivel deseado.<\/p>\n<p>Recomendaciones:<br \/>\nSe recomienda colocar una capa de sustrato m\u00ednima de 5 cm, esto variar\u00e1 dependiendo del tipo de acuario y gusto del usuario. Seleccionar el sustrato del acuario con base en los h\u00e1bitos de los peces.<\/p>\n","protected":false},"excerpt":{"rendered":"<p>Contenido: 3 Kg<\/p>\n","protected":false},"featured_media":7810,"comment_status":"open","ping_status":"closed","template":"","meta":[],"product_cat":[126,18,55],"product_tag":[],"jetpack_publicize_connections":[],"_links":{"self":[{"href":"https:\/\/megamascotasdf.com\/megamascotas\/wp-json\/wp\/v2\/product\/7809"}],"collection":[{"href":"https:\/\/megamascotasdf.com\/megamascotas\/wp-json\/wp\/v2\/product"}],"about":[{"href":"https:\/\/megamascotasdf.com\/megamascotas\/wp-json\/wp\/v2\/types\/product"}],"replies":[{"embeddable":true,"href":"https:\/\/megamascotasdf.com\/megamascotas\/wp-json\/wp\/v2\/comments?post=7809"}],"wp:featuredmedia":[{"embeddable":true,"href":"https:\/\/megamascotasdf.com\/megamascotas\/wp-json\/wp\/v2\/media\/7810"}],"wp:attachment":[{"href":"https:\/\/megamascotasdf.com\/megamascotas\/wp-json\/wp\/v2\/media?parent=7809"}],"wp:term":[{"taxonomy":"product_cat","embeddable":true,"href":"https:\/\/megamascotasdf.com\/megamascotas\/wp-json\/wp\/v2\/product_cat?post=7809"},{"taxonomy":"product_tag","embeddable":true,"href":"https:\/\/megamascotasdf.com\/megamascotas\/wp-json\/wp\/v2\/product_tag?post=7809"}],"curies":[{"name":"wp","href":"https:\/\/api.w.org\/{rel}","templated":true}]}}