{"id":7485,"date":"2022-05-13T14:43:33","date_gmt":"2022-05-13T20:43:33","guid":{"rendered":"https:\/\/megamascotasdf.com\/megamascotas\/?post_type=product&#038;p=7485"},"modified":"2022-05-13T14:43:34","modified_gmt":"2022-05-13T20:43:34","slug":"barritas-de-semillas-para-canarios-y-finches-redkite","status":"publish","type":"product","link":"https:\/\/megamascotasdf.com\/megamascotas\/producto\/barritas-de-semillas-para-canarios-y-finches-redkite\/","title":{"rendered":"Barritas de Semillas para Canarios y Finches RedKite"},"content":{"rendered":"<p>Las barritas para Canarios y Finches de Redkite\u00ae son un snack para aves, elaborado con una deliciosa mezcla de semillas exclusivas y balanceadas para este tipo de aves, nutri\u00e9ndolas al mismo tiempo que estimulan su curiosidad y actividad. <\/p>\n<p>An\u00e1lisis garantizado:<br \/>\nProte\u00edna M\u00edn. 10%<br \/>\nGrasa cruda M\u00edn. 5%<br \/>\nFibra cruda M\u00e1x. 9%<br \/>\nCenizas M\u00e1x. 4%<br \/>\nHumedad M\u00e1x. 12%<\/p>\n<p>Las barritas est\u00e1n formuladas para aves adultas (finches, canarios y gorriones). Coloque una barrita dentro de la jaula del lado contrario al agua de bebida y sujete el ganchito a uno de los barrotes de la jaula. La curiosidad de las aves har\u00e1 que se acerquen poco a poco y prueben las semillas. No olvide proporcionar al ave agua potable y fresca a libre acceso. V\u00eda de administraci\u00f3n y dosis: Oral. Ofrezca una barrita cada 5 d\u00edas o cuando se termine la barrita, dependiendo de la cantidad de aves o tama\u00f1o de ellas variar\u00e1 la frecuencia de alimentaci\u00f3n. Si observa alg\u00fan cambio en el aroma, color o textura de las semillas, ret\u00edrela de la jaula y proporcione una nueva.<\/p>\n<p>Ingredientes: Alpiste, mijo blanco, avena en grano, linaza y alimento balanceado en migajas (granos molidos, subproductos de cereales, pastas de oleaginosas, aceite vegetal, melaza de ca\u00f1a, carbonato de calcio, ortof\u00f3sfato de calcio, cloruro de sodio, hierro, magnesio, zinc, manganeso, f\u00f3sforo, cobre, selenio, vitamina A, vitamina B1, vitamina B2, vitamina B6, vitamina B12, \u00e1cido f\u00f3lico, biotina, niacina, \u00e1cido pantot\u00e9nico, cloruro de colina, lisina y metionina) glucosa, fibra soluble del \u00e1rbol de Acacia, antioxidante (BHT).<\/p>\n","protected":false},"excerpt":{"rendered":"<p>Contenido: 2 piezas<\/p>\n","protected":false},"featured_media":7487,"comment_status":"open","ping_status":"closed","template":"","meta":[],"product_cat":[20,68],"product_tag":[],"jetpack_publicize_connections":[],"_links":{"self":[{"href":"https:\/\/megamascotasdf.com\/megamascotas\/wp-json\/wp\/v2\/product\/7485"}],"collection":[{"href":"https:\/\/megamascotasdf.com\/megamascotas\/wp-json\/wp\/v2\/product"}],"about":[{"href":"https:\/\/megamascotasdf.com\/megamascotas\/wp-json\/wp\/v2\/types\/product"}],"replies":[{"embeddable":true,"href":"https:\/\/megamascotasdf.com\/megamascotas\/wp-json\/wp\/v2\/comments?post=7485"}],"wp:featuredmedia":[{"embeddable":true,"href":"https:\/\/megamascotasdf.com\/megamascotas\/wp-json\/wp\/v2\/media\/7487"}],"wp:attachment":[{"href":"https:\/\/megamascotasdf.com\/megamascotas\/wp-json\/wp\/v2\/media?parent=7485"}],"wp:term":[{"taxonomy":"product_cat","embeddable":true,"href":"https:\/\/megamascotasdf.com\/megamascotas\/wp-json\/wp\/v2\/product_cat?post=7485"},{"taxonomy":"product_tag","embeddable":true,"href":"https:\/\/megamascotasdf.com\/megamascotas\/wp-json\/wp\/v2\/product_tag?post=7485"}],"curies":[{"name":"wp","href":"https:\/\/api.w.org\/{rel}","templated":true}]}}