{"id":7366,"date":"2022-03-23T15:09:58","date_gmt":"2022-03-23T21:09:58","guid":{"rendered":"https:\/\/megamascotasdf.com\/megamascotas\/?post_type=product&#038;p=7366"},"modified":"2022-03-29T11:40:06","modified_gmt":"2022-03-29T17:40:06","slug":"filtro-canister-uv-efu-10-boyu","status":"publish","type":"product","link":"https:\/\/megamascotasdf.com\/megamascotas\/producto\/filtro-canister-uv-efu-10-boyu\/","title":{"rendered":"Filtro canister UV EFU-10 Boyu"},"content":{"rendered":"<p>El Filtro canister UV BOYU EFU 10 ofrece el sistema m\u00e1s completo, vers\u00e1til y efectivo que podemos instalar en un acuario de agua dulce o salada.<\/p>\n<p>El Filtro canister UV BOYU EFU 10 puede procesar diversas etapas de filtraci\u00f3n en sus dos canastas modulares, pudiendo combinar de forma progresiva los m\u00e9todos m\u00e1s avanzados del mercado mediante materiales filtrantes de tipo mec\u00e1nico, biol\u00f3gico y qu\u00edmico.<\/p>\n<p>El Filtro canister UV BOYU EFU 10 combina sin\u00e9rgicamente su gran potencial de filtraci\u00f3n con todo el poder de la desinfecci\u00f3n U.V. de alto desempe\u00f1o.<\/p>\n<p>La l\u00e1mpara puede ser accionada en todo momento mediante un c\u00f3modo interruptor protegido y situado en la cubierta superior. Este filtro es presurizable gracias a la gran calidad sus empaques y al f\u00e1cil y pr\u00e1ctico sistema de cierre con cuatro clips de seguridad, adem\u00e1s de un asa desplegable para su manipulaci\u00f3n y transporte.<\/p>\n<p>Obtenga el m\u00e1ximo rendimiento de filtraci\u00f3n en pocos minutos gracias a su sistema de canastas modulares, su sistema de cebado manual y a las conexiones desmontables con v\u00e1lvula de seguridad.<\/p>\n<p>Este modelo incluye dos esponjas para filtraci\u00f3n mec\u00e1nica de diferentes granulometr\u00edas.<\/p>\n<p>Especificaciones:<\/p>\n<p>Modelo: EFU-10<br \/>\nAcuarios hasta (L): 100<br \/>\nCorriente (V\/HZ): 127V\/60Hz<br \/>\nConsumo U.V. (W\/h): 5<br \/>\nConsumo\/caudal bomba. (W- l\/h): 16w \u2013 300 l\/h<br \/>\nLong. Cable U.V. (cm): 130<br \/>\nN\u00ba Canastos filtrantes: 2<br \/>\nTipo de enchufe: \u201cA\u201d 2 pines<br \/>\nConexi\u00f3n (\u00d8 int.\/ext. mm): 12\/16<br \/>\nPeso vac\u00edo (Kg.): 3.54<br \/>\nPeso c. embalaje (Kg.): 4.27<br \/>\nDimensiones filtro (l x a x h, cm): 22.3 x 22.3 x 28<br \/>\nMasa filtrante (Litros totales): 2 x 1.1 L<br \/>\nMangueras (l x \u00d8 mm): 2x 1,500 (\u00d812\/16)<br \/>\nBast\u00f3n aspiraci\u00f3n (L x a x \u00d8 mm): 265 x 80 (\u00d812\/16)<br \/>\nBast\u00f3n impulsi\u00f3n (L x a x \u00d8 mm): 220 x 90 (\u00d812\/16)<br \/>\nBarras irrigadoras (L x x \u00d8 mm): 2 x 180 (\u00d812\/16)<br \/>\nBarras irrigadoras N\u00b0 Orificios x \u00d8 mm: 2 x (6 x \u00d83mm)<\/p>\n","protected":false},"excerpt":{"rendered":"<p>El Filtro canister UV BOYU EFU 10 ofrece el sistema m\u00e1s completo, vers\u00e1til y efectivo que podemos instalar en un acuario de agua dulce o salada. El Filtro canister UV BOYU EFU 10 puede procesar diversas etapas de filtraci\u00f3n en sus dos canastas modulares, pudiendo combinar de forma progresiva los m\u00e9todos m\u00e1s avanzados del mercado [&hellip;]<\/p>\n","protected":false},"featured_media":7367,"comment_status":"open","ping_status":"closed","template":"","meta":[],"product_cat":[18,60],"product_tag":[],"jetpack_publicize_connections":[],"_links":{"self":[{"href":"https:\/\/megamascotasdf.com\/megamascotas\/wp-json\/wp\/v2\/product\/7366"}],"collection":[{"href":"https:\/\/megamascotasdf.com\/megamascotas\/wp-json\/wp\/v2\/product"}],"about":[{"href":"https:\/\/megamascotasdf.com\/megamascotas\/wp-json\/wp\/v2\/types\/product"}],"replies":[{"embeddable":true,"href":"https:\/\/megamascotasdf.com\/megamascotas\/wp-json\/wp\/v2\/comments?post=7366"}],"wp:featuredmedia":[{"embeddable":true,"href":"https:\/\/megamascotasdf.com\/megamascotas\/wp-json\/wp\/v2\/media\/7367"}],"wp:attachment":[{"href":"https:\/\/megamascotasdf.com\/megamascotas\/wp-json\/wp\/v2\/media?parent=7366"}],"wp:term":[{"taxonomy":"product_cat","embeddable":true,"href":"https:\/\/megamascotasdf.com\/megamascotas\/wp-json\/wp\/v2\/product_cat?post=7366"},{"taxonomy":"product_tag","embeddable":true,"href":"https:\/\/megamascotasdf.com\/megamascotas\/wp-json\/wp\/v2\/product_tag?post=7366"}],"curies":[{"name":"wp","href":"https:\/\/api.w.org\/{rel}","templated":true}]}}