{"id":716,"date":"2017-09-11T14:27:11","date_gmt":"2017-09-11T20:27:11","guid":{"rendered":"http:\/\/megamascotasdf.com\/megamascotas\/?post_type=product&#038;p=716"},"modified":"2022-06-01T00:00:11","modified_gmt":"2022-06-01T06:00:11","slug":"acuario-boyu-ea120b","status":"publish","type":"product","link":"https:\/\/megamascotasdf.com\/megamascotas\/producto\/acuario-boyu-ea120b\/","title":{"rendered":"Acuario Boyu EA120B"},"content":{"rendered":"<p>Tapa<\/p>\n<p>Totalmente desmontable, construida en aluminio de extrusi\u00f3n anodizado industrial de alta resistencia a la corrosi\u00f3n. Dos tapas con bisagras, una frontal y una trasera para facilitar las labores de mantenimiento y alimentaci\u00f3n. Dise\u00f1o moderno, pr\u00e1ctico y muy accesible al sistema de filtraci\u00f3n. Dos contactos adicionales para equipamiento accesorio. Interruptor accesible y protegido de salpicaduras.<\/p>\n<p>Sistema de filtraci\u00f3n integral<\/p>\n<p>Sistema de filtraci\u00f3n \u201cTOP FILTER\u201d integrado en la tapa.Cuenta con una bomba que aspira el agua del fondo y la env\u00eda a una barra irrigadora que acciona un filtro de percolaci\u00f3n. Este sistema fomenta eficientemente la oxigenaci\u00f3n del acuario y la accesibilidad para su mantenimiento<\/p>\n<p>Especificaciones<\/p>\n<p>MODELO : EA- 120B<br \/>\nTAMA\u00d1O: 120 largo x 40 ancho x 70 alto (cm )<br \/>\nLitros: 293L<br \/>\nPOWER LUZ : 30W x 2 focos de LED<\/p>\n","protected":false},"excerpt":{"rendered":"<p>Acuario BOYU EA120B 293lts 120x40x70<\/p>\n","protected":false},"featured_media":635,"comment_status":"open","ping_status":"closed","template":"","meta":[],"product_cat":[18,51],"product_tag":[],"jetpack_publicize_connections":[],"_links":{"self":[{"href":"https:\/\/megamascotasdf.com\/megamascotas\/wp-json\/wp\/v2\/product\/716"}],"collection":[{"href":"https:\/\/megamascotasdf.com\/megamascotas\/wp-json\/wp\/v2\/product"}],"about":[{"href":"https:\/\/megamascotasdf.com\/megamascotas\/wp-json\/wp\/v2\/types\/product"}],"replies":[{"embeddable":true,"href":"https:\/\/megamascotasdf.com\/megamascotas\/wp-json\/wp\/v2\/comments?post=716"}],"wp:featuredmedia":[{"embeddable":true,"href":"https:\/\/megamascotasdf.com\/megamascotas\/wp-json\/wp\/v2\/media\/635"}],"wp:attachment":[{"href":"https:\/\/megamascotasdf.com\/megamascotas\/wp-json\/wp\/v2\/media?parent=716"}],"wp:term":[{"taxonomy":"product_cat","embeddable":true,"href":"https:\/\/megamascotasdf.com\/megamascotas\/wp-json\/wp\/v2\/product_cat?post=716"},{"taxonomy":"product_tag","embeddable":true,"href":"https:\/\/megamascotasdf.com\/megamascotas\/wp-json\/wp\/v2\/product_tag?post=716"}],"curies":[{"name":"wp","href":"https:\/\/api.w.org\/{rel}","templated":true}]}}