{"id":701,"date":"2017-09-09T10:21:30","date_gmt":"2017-09-09T16:21:30","guid":{"rendered":"http:\/\/megamascotasdf.com\/megamascotas\/?post_type=product&#038;p=701"},"modified":"2025-11-28T09:24:52","modified_gmt":"2025-11-28T15:24:52","slug":"nano-acuario-cubo-18lts-lomas","status":"publish","type":"product","link":"https:\/\/megamascotasdf.com\/megamascotas\/producto\/nano-acuario-cubo-18lts-lomas\/","title":{"rendered":"Nano Acuario CUBO 18lts LOMAS"},"content":{"rendered":"<p>Kit de acuario ecol\u00f3gico de vidrio termo-formado con esquinas curvas, filtro de etapas m\u00faltiples y lampara LED de bajo consumo. Adecuado para peces tropicales, plantas o Betas<\/p>\n<p>Contiene:<br \/>\n-Filtro Multi-etapas mec\u00e1nico y biol\u00f3gico<br \/>\n-Bomba de agua para el filtro de 2w<br \/>\n-Lampara de leds (blanco, rojo y azul) de bajo consumo 5w<br \/>\n-Tapa de acr\u00edlico con orificio para la f\u00e1cil alimentaci\u00f3n de tus peces<\/p>\n","protected":false},"excerpt":{"rendered":"<p>Acuario Nano en forma de CUBO de 18 litros<\/p>\n","protected":false},"featured_media":702,"comment_status":"open","ping_status":"closed","template":"","meta":[],"product_cat":[18],"product_tag":[],"jetpack_publicize_connections":[],"_links":{"self":[{"href":"https:\/\/megamascotasdf.com\/megamascotas\/wp-json\/wp\/v2\/product\/701"}],"collection":[{"href":"https:\/\/megamascotasdf.com\/megamascotas\/wp-json\/wp\/v2\/product"}],"about":[{"href":"https:\/\/megamascotasdf.com\/megamascotas\/wp-json\/wp\/v2\/types\/product"}],"replies":[{"embeddable":true,"href":"https:\/\/megamascotasdf.com\/megamascotas\/wp-json\/wp\/v2\/comments?post=701"}],"wp:featuredmedia":[{"embeddable":true,"href":"https:\/\/megamascotasdf.com\/megamascotas\/wp-json\/wp\/v2\/media\/702"}],"wp:attachment":[{"href":"https:\/\/megamascotasdf.com\/megamascotas\/wp-json\/wp\/v2\/media?parent=701"}],"wp:term":[{"taxonomy":"product_cat","embeddable":true,"href":"https:\/\/megamascotasdf.com\/megamascotas\/wp-json\/wp\/v2\/product_cat?post=701"},{"taxonomy":"product_tag","embeddable":true,"href":"https:\/\/megamascotasdf.com\/megamascotas\/wp-json\/wp\/v2\/product_tag?post=701"}],"curies":[{"name":"wp","href":"https:\/\/api.w.org\/{rel}","templated":true}]}}