{"id":6981,"date":"2021-11-01T17:46:46","date_gmt":"2021-11-01T23:46:46","guid":{"rendered":"https:\/\/megamascotasdf.com\/megamascotas\/?post_type=product&#038;p=6981"},"modified":"2022-11-29T11:18:19","modified_gmt":"2022-11-29T17:18:19","slug":"bebedero-para-perro-o-gato-mps","status":"publish","type":"product","link":"https:\/\/megamascotasdf.com\/megamascotas\/producto\/bebedero-para-perro-o-gato-mps\/","title":{"rendered":"Bebedero para Perro o Gato MPS"},"content":{"rendered":"<p>Dispensador de agua, con agujero de distribuci\u00f3n ancho para una limpieza f\u00e1cil.<br \/>\nBase con dise\u00f1o que facilita la maniobra de levante.<br \/>\nLlena autom\u00e1ticamente por gravedad el dep\u00f3sito de agua, cuando los niveles bajan.<\/p>\n<p>Ventajas:<br \/>\nSimplifica la vida al tiempo que mejora la vida de la mascota.<br \/>\nEs resistente y f\u00e1cilmente lavable.<\/p>\n<p>Colores surtidos.<\/p>\n","protected":false},"excerpt":{"rendered":"<p>Dispensador de agua, con agujero de distribuci\u00f3n ancho para una limpieza f\u00e1cil. Base con dise\u00f1o que facilita la maniobra de levante. Llena autom\u00e1ticamente por gravedad el dep\u00f3sito de agua, cuando los niveles bajan. Ventajas: Simplifica la vida al tiempo que mejora la vida de la mascota. Es resistente y f\u00e1cilmente lavable. Colores surtidos.<\/p>\n","protected":false},"featured_media":6983,"comment_status":"open","ping_status":"closed","template":"","meta":[],"product_cat":[16,30,17,37],"product_tag":[],"jetpack_publicize_connections":[],"_links":{"self":[{"href":"https:\/\/megamascotasdf.com\/megamascotas\/wp-json\/wp\/v2\/product\/6981"}],"collection":[{"href":"https:\/\/megamascotasdf.com\/megamascotas\/wp-json\/wp\/v2\/product"}],"about":[{"href":"https:\/\/megamascotasdf.com\/megamascotas\/wp-json\/wp\/v2\/types\/product"}],"replies":[{"embeddable":true,"href":"https:\/\/megamascotasdf.com\/megamascotas\/wp-json\/wp\/v2\/comments?post=6981"}],"wp:featuredmedia":[{"embeddable":true,"href":"https:\/\/megamascotasdf.com\/megamascotas\/wp-json\/wp\/v2\/media\/6983"}],"wp:attachment":[{"href":"https:\/\/megamascotasdf.com\/megamascotas\/wp-json\/wp\/v2\/media?parent=6981"}],"wp:term":[{"taxonomy":"product_cat","embeddable":true,"href":"https:\/\/megamascotasdf.com\/megamascotas\/wp-json\/wp\/v2\/product_cat?post=6981"},{"taxonomy":"product_tag","embeddable":true,"href":"https:\/\/megamascotasdf.com\/megamascotas\/wp-json\/wp\/v2\/product_tag?post=6981"}],"curies":[{"name":"wp","href":"https:\/\/api.w.org\/{rel}","templated":true}]}}