{"id":6961,"date":"2021-10-26T11:58:32","date_gmt":"2021-10-26T17:58:32","guid":{"rendered":"https:\/\/megamascotasdf.com\/megamascotas\/?post_type=product&#038;p=6961"},"modified":"2022-01-31T11:48:04","modified_gmt":"2022-01-31T17:48:04","slug":"juguete-para-premio-balon-rugby-fancy-pets","status":"publish","type":"product","link":"https:\/\/megamascotasdf.com\/megamascotas\/producto\/juguete-para-premio-balon-rugby-fancy-pets\/","title":{"rendered":"Juguete para Premio Bal\u00f3n Rugby Fancy Pets"},"content":{"rendered":"<p>Juguete fabricado en pl\u00e1stico, dise\u00f1ado para introducir premios o alimento en su interior para que el perro interact\u00fae y libere paulatinamente la recompensa, manteni\u00e9ndolo interesado y entretenido por periodos significativos.<br \/>\nEste juguete es ideal para desafiar y recompensar a la mascota.<\/p>\n","protected":false},"excerpt":{"rendered":"<p>Juguete fabricado en pl\u00e1stico, dise\u00f1ado para introducir premios o alimento en su interior para que el perro interact\u00fae y libere paulatinamente la recompensa, manteni\u00e9ndolo interesado y entretenido por periodos significativos. Este juguete es ideal para desafiar y recompensar a la mascota.<\/p>\n","protected":false},"featured_media":6962,"comment_status":"open","ping_status":"closed","template":"","meta":[],"product_cat":[16,27],"product_tag":[],"jetpack_publicize_connections":[],"_links":{"self":[{"href":"https:\/\/megamascotasdf.com\/megamascotas\/wp-json\/wp\/v2\/product\/6961"}],"collection":[{"href":"https:\/\/megamascotasdf.com\/megamascotas\/wp-json\/wp\/v2\/product"}],"about":[{"href":"https:\/\/megamascotasdf.com\/megamascotas\/wp-json\/wp\/v2\/types\/product"}],"replies":[{"embeddable":true,"href":"https:\/\/megamascotasdf.com\/megamascotas\/wp-json\/wp\/v2\/comments?post=6961"}],"wp:featuredmedia":[{"embeddable":true,"href":"https:\/\/megamascotasdf.com\/megamascotas\/wp-json\/wp\/v2\/media\/6962"}],"wp:attachment":[{"href":"https:\/\/megamascotasdf.com\/megamascotas\/wp-json\/wp\/v2\/media?parent=6961"}],"wp:term":[{"taxonomy":"product_cat","embeddable":true,"href":"https:\/\/megamascotasdf.com\/megamascotas\/wp-json\/wp\/v2\/product_cat?post=6961"},{"taxonomy":"product_tag","embeddable":true,"href":"https:\/\/megamascotasdf.com\/megamascotas\/wp-json\/wp\/v2\/product_tag?post=6961"}],"curies":[{"name":"wp","href":"https:\/\/api.w.org\/{rel}","templated":true}]}}