{"id":6786,"date":"2021-09-25T15:48:42","date_gmt":"2021-09-25T21:48:42","guid":{"rendered":"https:\/\/megamascotasdf.com\/megamascotas\/?post_type=product&#038;p=6786"},"modified":"2022-03-19T15:57:17","modified_gmt":"2022-03-19T21:57:17","slug":"nectar-natural-para-colibri-liquido-redkite-1-5-l","status":"publish","type":"product","link":"https:\/\/megamascotasdf.com\/megamascotas\/producto\/nectar-natural-para-colibri-liquido-redkite-1-5-l\/","title":{"rendered":"N\u00e9ctar Natural para Colibr\u00ed L\u00edquido RedKite 1.5 L"},"content":{"rendered":"<p>N\u00e9ctar l\u00edquido para colibr\u00ed con colorante natural, vitaminas y calcio (1.5 litros) <\/p>\n<p>Beneficios:<br \/>\nColorante 100% natural, conservando el mismo sabor.<br \/>\nF\u00f3rmula adicionada con vitamina A, vitamina D3 y calcio para el fortalecimiento de huesos y cascarones. <\/p>\n<p>Analisis garantizado:<br \/>\nCarbohidratos: 40%<\/p>\n<p>Ingredientes:<br \/>\nSacarosa, \u00e1cido c\u00edtrico, colorante natural rojo, saborizante artificial, vitamina A palmitato 12,000 U.I.\/L, vitamina D3 800 U.I.\/L, gluconato de calcio como fuente de calcio 250 mg\/L, sorbato de potasio como conservador, veh\u00edculo c.b.p. 100%.<\/p>\n<p>Llene el contendedor del bebedero para colibr\u00ed con diluir. Arme el bebedero y cu\u00e9lguelo en el jard\u00edn cerca de un lugar floreado. Lave con agua limpia el bebedero para colibr\u00ed una vez por semana o con mayor regularidad en climas c\u00e1lidos.<\/p>\n","protected":false},"excerpt":{"rendered":"<p>N\u00e9ctar l\u00edquido natural para colibr\u00ed.<\/p>\n","protected":false},"featured_media":6787,"comment_status":"open","ping_status":"closed","template":"","meta":[],"product_cat":[20,68],"product_tag":[],"jetpack_publicize_connections":[],"_links":{"self":[{"href":"https:\/\/megamascotasdf.com\/megamascotas\/wp-json\/wp\/v2\/product\/6786"}],"collection":[{"href":"https:\/\/megamascotasdf.com\/megamascotas\/wp-json\/wp\/v2\/product"}],"about":[{"href":"https:\/\/megamascotasdf.com\/megamascotas\/wp-json\/wp\/v2\/types\/product"}],"replies":[{"embeddable":true,"href":"https:\/\/megamascotasdf.com\/megamascotas\/wp-json\/wp\/v2\/comments?post=6786"}],"wp:featuredmedia":[{"embeddable":true,"href":"https:\/\/megamascotasdf.com\/megamascotas\/wp-json\/wp\/v2\/media\/6787"}],"wp:attachment":[{"href":"https:\/\/megamascotasdf.com\/megamascotas\/wp-json\/wp\/v2\/media?parent=6786"}],"wp:term":[{"taxonomy":"product_cat","embeddable":true,"href":"https:\/\/megamascotasdf.com\/megamascotas\/wp-json\/wp\/v2\/product_cat?post=6786"},{"taxonomy":"product_tag","embeddable":true,"href":"https:\/\/megamascotasdf.com\/megamascotas\/wp-json\/wp\/v2\/product_tag?post=6786"}],"curies":[{"name":"wp","href":"https:\/\/api.w.org\/{rel}","templated":true}]}}