{"id":6593,"date":"2021-09-13T15:59:13","date_gmt":"2021-09-13T21:59:13","guid":{"rendered":"https:\/\/megamascotasdf.com\/megamascotas\/?post_type=product&#038;p=6593"},"modified":"2022-03-24T12:18:55","modified_gmt":"2022-03-24T18:18:55","slug":"bebedero-portatil-para-viaje-fancy-pets-500-ml","status":"publish","type":"product","link":"https:\/\/megamascotasdf.com\/megamascotas\/producto\/bebedero-portatil-para-viaje-fancy-pets-500-ml\/","title":{"rendered":"Bebedero Portatil para Viaje Fancy Pets 500 mL"},"content":{"rendered":"<p>Bebedero port\u00e1til para animales de compa\u00f1\u00eda con capacidad de 500 mL, ideal para transportar e hidratar a tu mascota en cualquier lugar.<\/p>\n<p>Beneficios:<br \/>\nPortatil<br \/>\nPlegable<br \/>\nPl\u00e1stico resistente<\/p>\n","protected":false},"excerpt":{"rendered":"<p>Colores Surtidos.<\/p>\n","protected":false},"featured_media":6596,"comment_status":"open","ping_status":"closed","template":"","meta":[],"product_cat":[16,30,17,37],"product_tag":[],"jetpack_publicize_connections":[],"_links":{"self":[{"href":"https:\/\/megamascotasdf.com\/megamascotas\/wp-json\/wp\/v2\/product\/6593"}],"collection":[{"href":"https:\/\/megamascotasdf.com\/megamascotas\/wp-json\/wp\/v2\/product"}],"about":[{"href":"https:\/\/megamascotasdf.com\/megamascotas\/wp-json\/wp\/v2\/types\/product"}],"replies":[{"embeddable":true,"href":"https:\/\/megamascotasdf.com\/megamascotas\/wp-json\/wp\/v2\/comments?post=6593"}],"wp:featuredmedia":[{"embeddable":true,"href":"https:\/\/megamascotasdf.com\/megamascotas\/wp-json\/wp\/v2\/media\/6596"}],"wp:attachment":[{"href":"https:\/\/megamascotasdf.com\/megamascotas\/wp-json\/wp\/v2\/media?parent=6593"}],"wp:term":[{"taxonomy":"product_cat","embeddable":true,"href":"https:\/\/megamascotasdf.com\/megamascotas\/wp-json\/wp\/v2\/product_cat?post=6593"},{"taxonomy":"product_tag","embeddable":true,"href":"https:\/\/megamascotasdf.com\/megamascotas\/wp-json\/wp\/v2\/product_tag?post=6593"}],"curies":[{"name":"wp","href":"https:\/\/api.w.org\/{rel}","templated":true}]}}