{"id":6491,"date":"2021-08-21T13:30:53","date_gmt":"2021-08-21T19:30:53","guid":{"rendered":"https:\/\/megamascotasdf.com\/megamascotas\/?post_type=product&#038;p=6491"},"modified":"2023-10-25T12:53:03","modified_gmt":"2023-10-25T18:53:03","slug":"cubos-de-alfalfa-select-redkite-500g","status":"publish","type":"product","link":"https:\/\/megamascotasdf.com\/megamascotas\/producto\/cubos-de-alfalfa-select-redkite-500g\/","title":{"rendered":"Cubos de Alfalfa Select RedKite 500g"},"content":{"rendered":"<p>Rico en vitaminas, minerales y amino\u00e1cidos.<br \/>\nAlto contenido en prote\u00edna y calcio.<br \/>\nRico en fibra para una buena digesti\u00f3n y salud intestinal.<br \/>\nSin conservadores, aditivos ni colorantes a\u00f1adidos. <\/p>\n<p>An\u00e1lisis garantizado:<br \/>\nProte\u00edna cruda M\u00edn. 22% Grasa cruda M\u00edn. 2% Fibra cruda M\u00edn. 12% Humedad M\u00e1x. 10%<\/p>\n<p>Intrucciones de uso:<br \/>\nLos cubos de alfalfa Select de Redkite\u00ae son un bocadillo nutritivo para animales herb\u00edvoros. Elaborados con alfalfa deshidratada natural, la cual contiene un alto porcentaje de prote\u00ednas, es rica en minerales como calcio, magnesio, potasio, hierro y f\u00f3sforo, as\u00ed como en vitaminas C, D, E, K y betacarotenos.<br \/>\nV\u00eda de administraci\u00f3n y dosis: Oral. Ofrezca a su mascota un cubo a la vez y espere a que sea consumido totalmente. No olvide proveer de agua potable y fresca en todo<br \/>\nmomento.<br \/>\nRecomendaciones:<br \/>\nAdvertencias: Cons\u00e9rvese en un lugar fresco y seco. No utilizar despu\u00e9s de la fecha de caducidad. Monitoree peri\u00f3dicamente<br \/>\nel peso de su mascota.<br \/>\nIngredientes:<br \/>\nAlfalfa deshidratada 100% natural<\/p>\n","protected":false},"excerpt":{"rendered":"<p>Ideal para conejos, chinchillas, cuyos, jerbos, y otros animales herb\u00edvoros.<\/p>\n","protected":false},"featured_media":6492,"comment_status":"open","ping_status":"closed","template":"","meta":[],"product_cat":[19,61],"product_tag":[],"jetpack_publicize_connections":[],"_links":{"self":[{"href":"https:\/\/megamascotasdf.com\/megamascotas\/wp-json\/wp\/v2\/product\/6491"}],"collection":[{"href":"https:\/\/megamascotasdf.com\/megamascotas\/wp-json\/wp\/v2\/product"}],"about":[{"href":"https:\/\/megamascotasdf.com\/megamascotas\/wp-json\/wp\/v2\/types\/product"}],"replies":[{"embeddable":true,"href":"https:\/\/megamascotasdf.com\/megamascotas\/wp-json\/wp\/v2\/comments?post=6491"}],"wp:featuredmedia":[{"embeddable":true,"href":"https:\/\/megamascotasdf.com\/megamascotas\/wp-json\/wp\/v2\/media\/6492"}],"wp:attachment":[{"href":"https:\/\/megamascotasdf.com\/megamascotas\/wp-json\/wp\/v2\/media?parent=6491"}],"wp:term":[{"taxonomy":"product_cat","embeddable":true,"href":"https:\/\/megamascotasdf.com\/megamascotas\/wp-json\/wp\/v2\/product_cat?post=6491"},{"taxonomy":"product_tag","embeddable":true,"href":"https:\/\/megamascotasdf.com\/megamascotas\/wp-json\/wp\/v2\/product_tag?post=6491"}],"curies":[{"name":"wp","href":"https:\/\/api.w.org\/{rel}","templated":true}]}}