{"id":6333,"date":"2021-06-01T15:48:04","date_gmt":"2021-06-01T21:48:04","guid":{"rendered":"https:\/\/megamascotasdf.com\/megamascotas\/?post_type=product&#038;p=6333"},"modified":"2022-05-28T13:13:50","modified_gmt":"2022-05-28T19:13:50","slug":"reef-advantage-calcium-seachem","status":"publish","type":"product","link":"https:\/\/megamascotasdf.com\/megamascotas\/producto\/reef-advantage-calcium-seachem\/","title":{"rendered":"Reef Advantage Calcium Seachem"},"content":{"rendered":"<p>Reef Advantage Calcium es una mezcla optimizada de calcio i\u00f3nico no c\u00e1ustica (pH 8.3\u20138.6) dise\u00f1ada para restaurar y mantener el calcio en los niveles que se encuentran en el agua de mar natural. El calcio y los carbonatos son esenciales para el crecimiento de todos los corales. Si cualquiera de los dos se vuelve deficiente, el crecimiento del coral cesar\u00e1, seguido de una r\u00e1pida disminuci\u00f3n de la salud del coral.<\/p>\n<p>Reef Advantage Calcium tambi\u00e9n incluye magnesio y estroncio en cantidades proporcionales a las proporciones t\u00edpicas de utilizaci\u00f3n (100:5:0.1, Ca:Mg:Sr). Esto permite mantener estos dos elementos importantes mientras se mantiene el calcio. A diferencia del agua de cal (kalkwasser), Reef Advantage Calcium\u2122 no tiene un pH c\u00e1ustico y no agota el magnesio. Si se utiliza seg\u00fan las indicaciones, no reducir\u00e1 la alcalinidad.<\/p>\n<p>Modeo de Uso:<\/p>\n<p>Principiante<br \/>\nUse 5 g (1 cucharadita rasa) por 150 L dos veces por semana. Disolver en al menos 250 mL (1 taza) de agua dulce. Controle el calcio cada 2 semanas y ajuste la cantidad o la frecuencia seg\u00fan corresponda.<\/p>\n<p>Avanzado<br \/>\nVerifique el nivel de calcio, luego siga el r\u00e9gimen de adici\u00f3n anterior hasta que el calcio se ajuste a 380\u2013420 mg\/L. Cada 5 g\/150 L aumentar\u00e1 el calcio en aproximadamente 12 mg\/L. Se puede ajustar la cantidad o la frecuencia, pero no exceder los 10 g\/150 L por d\u00eda. A partir de entonces, util\u00edcelo seg\u00fan sea necesario para mantener el calcio.<\/p>\n<p>Experto<br \/>\nDespu\u00e9s de determinar la tasa de consumo de calcio, configure un sistema de goteo continuo. Use la siguiente f\u00f3rmula (u omita las matem\u00e1ticas y use nuestra Calculadora de dosificaci\u00f3n) para determinar cu\u00e1nto agregar al agua de llenado: m=vc\/400 (m=gramos para agregar al agua de llenado, v=volumen del tanque en litros, c=cantidad a elevar de calcio en mg\/L). [Para referencia: 1 gal\u00f3n = 3,8 litros, 5 g = 1 cucharadita].<\/p>\n<p>NO TOME UNA SOBREDOSIS: El exceso de calcio puede aumentar la p\u00e9rdida de alcalinidad del carbonato. No mezclar directamente con ning\u00fan suplemento de carbonato. Es mejor si los aditivos de calcio y carbonato se agregan en d\u00edas alternos o con al menos 30 minutos de diferencia.<\/p>\n","protected":false},"excerpt":{"rendered":"<p>Calcio i\u00f3nico concentrado en polvo.<\/p>\n<p>Tambi\u00e9n aumenta y mantiene el magnesio y el estroncio.<\/p>\n<p>Se puede agregar directamente al acuario.<\/p>\n","protected":false},"featured_media":7708,"comment_status":"open","ping_status":"closed","template":"","meta":[],"product_cat":[121,18],"product_tag":[120],"jetpack_publicize_connections":[],"_links":{"self":[{"href":"https:\/\/megamascotasdf.com\/megamascotas\/wp-json\/wp\/v2\/product\/6333"}],"collection":[{"href":"https:\/\/megamascotasdf.com\/megamascotas\/wp-json\/wp\/v2\/product"}],"about":[{"href":"https:\/\/megamascotasdf.com\/megamascotas\/wp-json\/wp\/v2\/types\/product"}],"replies":[{"embeddable":true,"href":"https:\/\/megamascotasdf.com\/megamascotas\/wp-json\/wp\/v2\/comments?post=6333"}],"wp:featuredmedia":[{"embeddable":true,"href":"https:\/\/megamascotasdf.com\/megamascotas\/wp-json\/wp\/v2\/media\/7708"}],"wp:attachment":[{"href":"https:\/\/megamascotasdf.com\/megamascotas\/wp-json\/wp\/v2\/media?parent=6333"}],"wp:term":[{"taxonomy":"product_cat","embeddable":true,"href":"https:\/\/megamascotasdf.com\/megamascotas\/wp-json\/wp\/v2\/product_cat?post=6333"},{"taxonomy":"product_tag","embeddable":true,"href":"https:\/\/megamascotasdf.com\/megamascotas\/wp-json\/wp\/v2\/product_tag?post=6333"}],"curies":[{"name":"wp","href":"https:\/\/api.w.org\/{rel}","templated":true}]}}