{"id":6306,"date":"2021-05-22T11:58:08","date_gmt":"2021-05-22T17:58:08","guid":{"rendered":"https:\/\/megamascotasdf.com\/megamascotas\/?post_type=product&#038;p=6306"},"modified":"2022-05-26T15:11:05","modified_gmt":"2022-05-26T21:11:05","slug":"equilibrium-seachem","status":"publish","type":"product","link":"https:\/\/megamascotasdf.com\/megamascotas\/producto\/equilibrium-seachem\/","title":{"rendered":"Equilibrium Seachem"},"content":{"rendered":"<p>Equilibrium est\u00e1 espec\u00edficamente dise\u00f1ado para establecer el contenido mineral ideal para el acuario plantado. Equilibrium no contiene sodio ni cloruro (lo que puede ser perjudicial para un acuario plantado en niveles elevados). Equilibrium\u2122 es ideal para usar con agua RO (\u00f3smosis inversa) o DI (desionizada) o cualquier agua con deficiencia de minerales. Equilibrium aumenta el contenido de electrolitos\/minerales esenciales (dureza general) del agua para equilibrar y promover la estabilidad de la dureza del carbonato.<\/p>\n<p>Para aumentar el contenido de minerales\/dureza general (GH) en 1 meq\/L (3 dH), agregue 16 g (1 cucharada) por cada 80 L cuando instale un acuario o cuando haga cambios de agua (agregue a nuevos agua). Para una solubilidad \u00f3ptima, recomendamos mezclar con 1 L de agua (la mezcla resultante tendr\u00e1 una apariencia blanca opaca). Cuando se agrega esta mezcla al acuario, impartir\u00e1 una ligera neblina que deber\u00eda desaparecer en 15 a 30 minutos. Esta dosis se basa en agua DI o RO; para otras aguas, primero mida la dureza (GH), luego agregue seg\u00fan sea necesario.<\/p>\n<p>CONSEJOS: No use Equilibrium cuando reemplace el agua evaporada. <\/p>\n<p>Las preferencias de las plantas var\u00edan, pero una gu\u00eda general es de aproximadamente 1 a 2 meq\/L (3 a 6 dH) o igualar la dureza de carbonato (KH) existente o objetivo, que, idealmente, tambi\u00e9n es de aproximadamente 1 a 2 meq\/L (3 a 6 dH). 6 dKH). Equilibrium se compactar\u00e1 con el tiempo, pero seguir\u00e1 siendo eficaz.<\/p>\n","protected":false},"excerpt":{"rendered":"<p>Restaura y mantiene el equilibrio mineral y el GH.<\/p>\n<p>No contiene sodio ni cloruro como los productos de su categor\u00eda.<\/p>\n<p>Ideal para usarlo con agua de osmosis o cualquier agua deficiente en minerales.<\/p>\n","protected":false},"featured_media":7667,"comment_status":"open","ping_status":"closed","template":"","meta":[],"product_cat":[18,56],"product_tag":[122,120],"jetpack_publicize_connections":[],"_links":{"self":[{"href":"https:\/\/megamascotasdf.com\/megamascotas\/wp-json\/wp\/v2\/product\/6306"}],"collection":[{"href":"https:\/\/megamascotasdf.com\/megamascotas\/wp-json\/wp\/v2\/product"}],"about":[{"href":"https:\/\/megamascotasdf.com\/megamascotas\/wp-json\/wp\/v2\/types\/product"}],"replies":[{"embeddable":true,"href":"https:\/\/megamascotasdf.com\/megamascotas\/wp-json\/wp\/v2\/comments?post=6306"}],"wp:featuredmedia":[{"embeddable":true,"href":"https:\/\/megamascotasdf.com\/megamascotas\/wp-json\/wp\/v2\/media\/7667"}],"wp:attachment":[{"href":"https:\/\/megamascotasdf.com\/megamascotas\/wp-json\/wp\/v2\/media?parent=6306"}],"wp:term":[{"taxonomy":"product_cat","embeddable":true,"href":"https:\/\/megamascotasdf.com\/megamascotas\/wp-json\/wp\/v2\/product_cat?post=6306"},{"taxonomy":"product_tag","embeddable":true,"href":"https:\/\/megamascotasdf.com\/megamascotas\/wp-json\/wp\/v2\/product_tag?post=6306"}],"curies":[{"name":"wp","href":"https:\/\/api.w.org\/{rel}","templated":true}]}}