{"id":6285,"date":"2021-05-19T14:44:00","date_gmt":"2021-05-19T20:44:00","guid":{"rendered":"https:\/\/megamascotasdf.com\/megamascotas\/?post_type=product&#038;p=6285"},"modified":"2023-11-23T14:17:58","modified_gmt":"2023-11-23T20:17:58","slug":"stability-seachem","status":"publish","type":"product","link":"https:\/\/megamascotasdf.com\/megamascotas\/producto\/stability-seachem\/","title":{"rendered":"Stability Seachem"},"content":{"rendered":"<p>Stability establece la poblaci\u00f3n\u00a0de bacterias en el filtro biol\u00f3gico de forma r\u00e1pida y segura en sistemas de agua dulce y salada. De este modo previene la causa n\u00famero 1 de muerte de peces:\u00a0\u201cel s\u00edndrome de tanque nuevo\u201d. <\/p>\n<p>Stability est\u00e1 formulado espec\u00edficamente para acuarios y contiene un compuesto sin\u00e9rgico de bacterias areobias, anaerobias\u00a0y facultativas, que facilitan la eliminaci\u00f3n de desechos org\u00e1nicos, amon\u00edaco, nitrito y nitrato. <\/p>\n<p>Usando Stability no a\u00f1adimos sulfuros y no produciremos el t\u00f3xico \u00e1cido sulfh\u00eddrico. <\/p>\n<p>Stability es totalmente inocuo para todos los organismos acu\u00e1ticos y plantas, de modo\u00a0que no corremos riesgo de sobredosis.<\/p>\n<p>Agite bien antes de usar. Apague los rayos UV\/ozono. Use 1 tap\u00f3n (5 mL) por cada 40 L el primer d\u00eda con un acuario nuevo. Luego use 1 tap\u00f3n por cada 80 L diariamente durante 7 d\u00edas. Los peces y otras especies acu\u00e1ticas pueden introducirse en cualquier momento siempre que se mantenga la dosis durante 7 d\u00edas. <\/p>\n<p>Para un rendimiento \u00f3ptimo del biofiltro, use 1 tap\u00f3n por cada 80 L una vez al mes o con cada cambio de agua y siempre que introduzca nuevos peces o cuando est\u00e9 medicando un acuario. <\/p>\n<p>La vida \u00fatil del producto es de 4 a\u00f1os a partir de la fecha de fabricaci\u00f3n.<\/p>\n<p>Lo ideal es que Stability se use junto con la filtraci\u00f3n biol\u00f3gica como Seachem Matrix. <\/p>\n<p>Para el control de amon\u00edaco de emergencia, use Seachem AmGuard.<\/p>\n","protected":false},"excerpt":{"rendered":"<p>Stability establece la poblaci\u00f3n de bacterias en el filtro biol\u00f3gico de forma r\u00e1pida y segura en sistemas de agua dulce y salada.<\/p>\n","protected":false},"featured_media":6291,"comment_status":"open","ping_status":"closed","template":"","meta":[],"product_cat":[18,96],"product_tag":[123,120],"jetpack_publicize_connections":[],"_links":{"self":[{"href":"https:\/\/megamascotasdf.com\/megamascotas\/wp-json\/wp\/v2\/product\/6285"}],"collection":[{"href":"https:\/\/megamascotasdf.com\/megamascotas\/wp-json\/wp\/v2\/product"}],"about":[{"href":"https:\/\/megamascotasdf.com\/megamascotas\/wp-json\/wp\/v2\/types\/product"}],"replies":[{"embeddable":true,"href":"https:\/\/megamascotasdf.com\/megamascotas\/wp-json\/wp\/v2\/comments?post=6285"}],"wp:featuredmedia":[{"embeddable":true,"href":"https:\/\/megamascotasdf.com\/megamascotas\/wp-json\/wp\/v2\/media\/6291"}],"wp:attachment":[{"href":"https:\/\/megamascotasdf.com\/megamascotas\/wp-json\/wp\/v2\/media?parent=6285"}],"wp:term":[{"taxonomy":"product_cat","embeddable":true,"href":"https:\/\/megamascotasdf.com\/megamascotas\/wp-json\/wp\/v2\/product_cat?post=6285"},{"taxonomy":"product_tag","embeddable":true,"href":"https:\/\/megamascotasdf.com\/megamascotas\/wp-json\/wp\/v2\/product_tag?post=6285"}],"curies":[{"name":"wp","href":"https:\/\/api.w.org\/{rel}","templated":true}]}}