{"id":627,"date":"2017-09-07T13:23:09","date_gmt":"2017-09-07T19:23:09","guid":{"rendered":"http:\/\/megamascotasdf.com\/megamascotas\/?post_type=product&#038;p=627"},"modified":"2022-03-16T15:54:12","modified_gmt":"2022-03-16T21:54:12","slug":"bebedero-antigoteo-redkite-80-1000ml","status":"publish","type":"product","link":"https:\/\/megamascotasdf.com\/megamascotas\/producto\/bebedero-antigoteo-redkite-80-1000ml\/","title":{"rendered":"Bebedero Antigoteo RedKite"},"content":{"rendered":"<p>Caracter\u00edsticas:<br \/>\n- Bebedero dispensador antigoteo de agua para h\u00e1mster, roedores u otros peque\u00f1os mam\u00edferos.<br \/>\n- Pl\u00e1stico resistente y durable a prueba de fugas.<br \/>\n- Boquilla de metal.<br \/>\n- Colores Surtidos.<\/p>\n<p>Beneficios:<br \/>\n- Permite a la mascota beber lo suficiente sin mojarse, derramar el agua o ensuciarla.<br \/>\n- Ofrece agua limpia para la mascota en todo momento.<br \/>\n- F\u00e1cil de colocar y limpiar.<\/p>\n","protected":false},"excerpt":{"rendered":"<p>Contenido: 1 pieza (Incluye soporte y alambre forrado).<br \/>\nColores Surtidos.<\/p>\n","protected":false},"featured_media":6506,"comment_status":"open","ping_status":"closed","template":"","meta":[],"product_cat":[19,62],"product_tag":[],"jetpack_publicize_connections":[],"_links":{"self":[{"href":"https:\/\/megamascotasdf.com\/megamascotas\/wp-json\/wp\/v2\/product\/627"}],"collection":[{"href":"https:\/\/megamascotasdf.com\/megamascotas\/wp-json\/wp\/v2\/product"}],"about":[{"href":"https:\/\/megamascotasdf.com\/megamascotas\/wp-json\/wp\/v2\/types\/product"}],"replies":[{"embeddable":true,"href":"https:\/\/megamascotasdf.com\/megamascotas\/wp-json\/wp\/v2\/comments?post=627"}],"wp:featuredmedia":[{"embeddable":true,"href":"https:\/\/megamascotasdf.com\/megamascotas\/wp-json\/wp\/v2\/media\/6506"}],"wp:attachment":[{"href":"https:\/\/megamascotasdf.com\/megamascotas\/wp-json\/wp\/v2\/media?parent=627"}],"wp:term":[{"taxonomy":"product_cat","embeddable":true,"href":"https:\/\/megamascotasdf.com\/megamascotas\/wp-json\/wp\/v2\/product_cat?post=627"},{"taxonomy":"product_tag","embeddable":true,"href":"https:\/\/megamascotasdf.com\/megamascotas\/wp-json\/wp\/v2\/product_tag?post=627"}],"curies":[{"name":"wp","href":"https:\/\/api.w.org\/{rel}","templated":true}]}}