{"id":625,"date":"2017-09-07T12:22:13","date_gmt":"2017-09-07T18:22:13","guid":{"rendered":"http:\/\/megamascotasdf.com\/megamascotas\/?post_type=product&#038;p=625"},"modified":"2025-08-19T10:25:55","modified_gmt":"2025-08-19T16:25:55","slug":"acuario-boyu-ea80","status":"publish","type":"product","link":"https:\/\/megamascotasdf.com\/megamascotas\/producto\/acuario-boyu-ea80\/","title":{"rendered":"Acuario Boyu EA80"},"content":{"rendered":"<p align=\"LEFT\"><strong>Tapa<\/strong><\/p>\n<p align=\"LEFT\">Totalmente desmontable, construida en aluminio de extrusi\u00f3n anodizado industrial de alta resistencia a la corrosi\u00f3n. Dos tapas con bisagras, una frontal y una trasera para facilitar las labores de mantenimiento y alimentaci\u00f3n. Dise\u00f1o moderno, pr\u00e1ctico y muy accesible al sistema de filtraci\u00f3n. Dos contactos adicionales para equipamiento accesorio. Interruptor accesible y protegido de salpicaduras.<\/p>\n<p align=\"LEFT\"><strong>Sistema de filtraci\u00f3n integral<\/strong><\/p>\n<p align=\"LEFT\">Sistema de filtraci\u00f3n \u201cTOP FILTER\u201d integrado en la tapa.Cuenta con una bomba que aspira el agua del fondo y la env\u00eda a una barra irrigadora que acciona un filtro de percolaci\u00f3n. Este sistema fomenta eficientemente la oxigenaci\u00f3n del acuario y la accesibilidad para su mantenimiento<\/p>\n<p align=\"LEFT\"><strong>Especificaciones<\/strong><\/p>\n<p>MODELO : EA-80<br \/>\nTAMA\u00d1O: 80 Largo x 40 profundidad x 53,8 alto (cms)<br \/>\nLitros: 145L<br \/>\nPOWER LUZ : 20W x 2 focos blancos<\/p>\n","protected":false},"excerpt":{"rendered":"<p>Acuario BOYU EA80 145lts<\/p>\n","protected":false},"featured_media":630,"comment_status":"open","ping_status":"closed","template":"","meta":[],"product_cat":[18,51],"product_tag":[],"jetpack_publicize_connections":[],"_links":{"self":[{"href":"https:\/\/megamascotasdf.com\/megamascotas\/wp-json\/wp\/v2\/product\/625"}],"collection":[{"href":"https:\/\/megamascotasdf.com\/megamascotas\/wp-json\/wp\/v2\/product"}],"about":[{"href":"https:\/\/megamascotasdf.com\/megamascotas\/wp-json\/wp\/v2\/types\/product"}],"replies":[{"embeddable":true,"href":"https:\/\/megamascotasdf.com\/megamascotas\/wp-json\/wp\/v2\/comments?post=625"}],"wp:featuredmedia":[{"embeddable":true,"href":"https:\/\/megamascotasdf.com\/megamascotas\/wp-json\/wp\/v2\/media\/630"}],"wp:attachment":[{"href":"https:\/\/megamascotasdf.com\/megamascotas\/wp-json\/wp\/v2\/media?parent=625"}],"wp:term":[{"taxonomy":"product_cat","embeddable":true,"href":"https:\/\/megamascotasdf.com\/megamascotas\/wp-json\/wp\/v2\/product_cat?post=625"},{"taxonomy":"product_tag","embeddable":true,"href":"https:\/\/megamascotasdf.com\/megamascotas\/wp-json\/wp\/v2\/product_tag?post=625"}],"curies":[{"name":"wp","href":"https:\/\/api.w.org\/{rel}","templated":true}]}}