{"id":617,"date":"2017-09-07T11:06:56","date_gmt":"2017-09-07T17:06:56","guid":{"rendered":"http:\/\/megamascotasdf.com\/megamascotas\/?post_type=product&#038;p=617"},"modified":"2022-03-24T16:44:06","modified_gmt":"2022-03-24T22:44:06","slug":"arnes-huron","status":"publish","type":"product","link":"https:\/\/megamascotasdf.com\/megamascotas\/producto\/arnes-huron\/","title":{"rendered":"Arn\u00e9s para Hur\u00f3n Living World"},"content":{"rendered":"<p>Talla \u00fanica ajustable. Adecuado para la mayor\u00eda de los hurones cuyo peso oscila 500gr y 1.5kg.<br \/>\nEl arn\u00e9s Living World ajustable y su juego de correas, son fabricados a medida para acoplarlos convenientemente al cuerpo del hur\u00f3n. Las correas son ligeras y f\u00e1ciles de desatar.<\/p>\n<p>Instrucciones:<br \/>\nRegular el ajuste, apretando moderadamente las correas alrededor del cuello y el pecho del animal con el fin de no dificultar la respiraci\u00f3n, dejar suficiente espacio entre el arn\u00e9s y el cuerpo del animal, de modo que un dedo pueda deslizarse con facilidad.<br \/>\nSoltar las correas del cuello y pecho, presionando simult\u00e1neamente ambos lados de las hebillas de pl\u00e1stico negro.<br \/>\nColocar el arn\u00e9s al hur\u00f3n y ajustar bien las hebillas.<br \/>\nSujetar la correa a la anilla del arn\u00e9s.<\/p>\n<p>Recomendaciones:<br \/>\nSe debe tener paciencia con el hur\u00f3n cuando sale a pasear. Hacerlo en zonas abiertas, seguirlo y no dirigirlo.<br \/>\nProteger al hur\u00f3n de peligros como son los perros, las vallas, etc.<br \/>\nNo dejar al hur\u00f3n sin vigilancia cuando lleva el arn\u00e9s o cuando est\u00e1 atado.<\/p>\n","protected":false},"excerpt":{"rendered":"<p>Arn\u00e9s ajustable y correa para hur\u00f3n.<br \/>\nColores variados (Rojo, amarillo o verde).<\/p>\n","protected":false},"featured_media":6501,"comment_status":"open","ping_status":"closed","template":"","meta":[],"product_cat":[19,65],"product_tag":[],"jetpack_publicize_connections":[],"_links":{"self":[{"href":"https:\/\/megamascotasdf.com\/megamascotas\/wp-json\/wp\/v2\/product\/617"}],"collection":[{"href":"https:\/\/megamascotasdf.com\/megamascotas\/wp-json\/wp\/v2\/product"}],"about":[{"href":"https:\/\/megamascotasdf.com\/megamascotas\/wp-json\/wp\/v2\/types\/product"}],"replies":[{"embeddable":true,"href":"https:\/\/megamascotasdf.com\/megamascotas\/wp-json\/wp\/v2\/comments?post=617"}],"wp:featuredmedia":[{"embeddable":true,"href":"https:\/\/megamascotasdf.com\/megamascotas\/wp-json\/wp\/v2\/media\/6501"}],"wp:attachment":[{"href":"https:\/\/megamascotasdf.com\/megamascotas\/wp-json\/wp\/v2\/media?parent=617"}],"wp:term":[{"taxonomy":"product_cat","embeddable":true,"href":"https:\/\/megamascotasdf.com\/megamascotas\/wp-json\/wp\/v2\/product_cat?post=617"},{"taxonomy":"product_tag","embeddable":true,"href":"https:\/\/megamascotasdf.com\/megamascotas\/wp-json\/wp\/v2\/product_tag?post=617"}],"curies":[{"name":"wp","href":"https:\/\/api.w.org\/{rel}","templated":true}]}}