{"id":5942,"date":"2021-03-31T12:31:35","date_gmt":"2021-03-31T18:31:35","guid":{"rendered":"https:\/\/megamascotasdf.com\/megamascotas\/?post_type=product&#038;p=5942"},"modified":"2022-03-19T14:46:29","modified_gmt":"2022-03-19T20:46:29","slug":"anemona-de-adorno","status":"publish","type":"product","link":"https:\/\/megamascotasdf.com\/megamascotas\/producto\/anemona-de-adorno\/","title":{"rendered":"An\u00e9mona de Adorno Lomas"},"content":{"rendered":"<p>An\u00e9mona de mar para mejorar el atractivo visual que brinda adem\u00e1s refugio a los peces reduciendo considerablemente el stress.<br \/>\nTiene un dise\u00f1o \u00fanico para acuario, para crear una pecera llena de personalidad y estilo.<br \/>\nEl adorno de an\u00e9mona ofrece un paisaje realista, atractivo, sin la molestia de mantener las plantas vivas, que los peces pueden comer o arrancar de ra\u00edz.<br \/>\nTiene un anclaje de piedra que permite mantener firmemente la anemona en su lugar.<\/p>\n<p>Colores:<br \/>\nSurtidos<\/p>\n","protected":false},"excerpt":{"rendered":"<p>An\u00e9mona de mar para mejorar el atractivo visual que brinda adem\u00e1s refugio a los peces reduciendo considerablemente el stress. Tiene un dise\u00f1o \u00fanico para acuario, para crear una pecera llena de personalidad y estilo. El adorno de an\u00e9mona ofrece un paisaje realista, atractivo, sin la molestia de mantener las plantas vivas, que los peces pueden [&hellip;]<\/p>\n","protected":false},"featured_media":5951,"comment_status":"open","ping_status":"closed","template":"","meta":[],"product_cat":[18,55],"product_tag":[],"jetpack_publicize_connections":[],"_links":{"self":[{"href":"https:\/\/megamascotasdf.com\/megamascotas\/wp-json\/wp\/v2\/product\/5942"}],"collection":[{"href":"https:\/\/megamascotasdf.com\/megamascotas\/wp-json\/wp\/v2\/product"}],"about":[{"href":"https:\/\/megamascotasdf.com\/megamascotas\/wp-json\/wp\/v2\/types\/product"}],"replies":[{"embeddable":true,"href":"https:\/\/megamascotasdf.com\/megamascotas\/wp-json\/wp\/v2\/comments?post=5942"}],"wp:featuredmedia":[{"embeddable":true,"href":"https:\/\/megamascotasdf.com\/megamascotas\/wp-json\/wp\/v2\/media\/5951"}],"wp:attachment":[{"href":"https:\/\/megamascotasdf.com\/megamascotas\/wp-json\/wp\/v2\/media?parent=5942"}],"wp:term":[{"taxonomy":"product_cat","embeddable":true,"href":"https:\/\/megamascotasdf.com\/megamascotas\/wp-json\/wp\/v2\/product_cat?post=5942"},{"taxonomy":"product_tag","embeddable":true,"href":"https:\/\/megamascotasdf.com\/megamascotas\/wp-json\/wp\/v2\/product_tag?post=5942"}],"curies":[{"name":"wp","href":"https:\/\/api.w.org\/{rel}","templated":true}]}}