{"id":533,"date":"2017-09-06T13:44:21","date_gmt":"2017-09-06T19:44:21","guid":{"rendered":"http:\/\/megamascotasdf.com\/megamascotas\/?post_type=product&#038;p=533"},"modified":"2022-03-16T15:55:43","modified_gmt":"2022-03-16T21:55:43","slug":"jaula-diplomat-iii","status":"publish","type":"product","link":"https:\/\/megamascotasdf.com\/megamascotas\/producto\/jaula-diplomat-iii\/","title":{"rendered":"Jaula Diplomat III para Hur\u00f3n RedKite"},"content":{"rendered":"<div>\n<p>Caracter\u00edsticas:<br \/>\n- Jaula de metal con base pl\u00e1stica.<br \/>\n- Bandeja sanitaria removible.<br \/>\n- Segundo nivel con rampa.<br \/>\n- Con ruedas incluidas.<br \/>\n- Colores surtidos.<br \/>\n*No incluye bebedero y comedero.<\/p>\n<p>Beneficios:<br \/>\n- Para mantener a sus roedores o peque\u00f1os mam\u00edferos c\u00f3modos y seguros.<br \/>\n- Permite observar las actividades del roedor o mam\u00edfero peque\u00f1o.<br \/>\n- Pintura libre de plomo, por lo que no es t\u00f3xica para el roedor.<\/p>\n<\/div>\n<div><\/div>\n","protected":false},"excerpt":{"rendered":"<p>H\u00e1bitat para mam\u00edferos peque\u00f1os como hur\u00f3n, conejo, cuyo o chinchilla.<br \/>\nMedidas: 65 x 45 x 132 cm.<\/p>\n","protected":false},"featured_media":7078,"comment_status":"open","ping_status":"closed","template":"","meta":[],"product_cat":[19,66],"product_tag":[],"jetpack_publicize_connections":[],"_links":{"self":[{"href":"https:\/\/megamascotasdf.com\/megamascotas\/wp-json\/wp\/v2\/product\/533"}],"collection":[{"href":"https:\/\/megamascotasdf.com\/megamascotas\/wp-json\/wp\/v2\/product"}],"about":[{"href":"https:\/\/megamascotasdf.com\/megamascotas\/wp-json\/wp\/v2\/types\/product"}],"replies":[{"embeddable":true,"href":"https:\/\/megamascotasdf.com\/megamascotas\/wp-json\/wp\/v2\/comments?post=533"}],"wp:featuredmedia":[{"embeddable":true,"href":"https:\/\/megamascotasdf.com\/megamascotas\/wp-json\/wp\/v2\/media\/7078"}],"wp:attachment":[{"href":"https:\/\/megamascotasdf.com\/megamascotas\/wp-json\/wp\/v2\/media?parent=533"}],"wp:term":[{"taxonomy":"product_cat","embeddable":true,"href":"https:\/\/megamascotasdf.com\/megamascotas\/wp-json\/wp\/v2\/product_cat?post=533"},{"taxonomy":"product_tag","embeddable":true,"href":"https:\/\/megamascotasdf.com\/megamascotas\/wp-json\/wp\/v2\/product_tag?post=533"}],"curies":[{"name":"wp","href":"https:\/\/api.w.org\/{rel}","templated":true}]}}