{"id":5278,"date":"2021-01-11T15:30:08","date_gmt":"2021-01-11T21:30:08","guid":{"rendered":"https:\/\/megamascotasdf.com\/megamascotas\/?post_type=product&#038;p=5278"},"modified":"2022-05-28T10:45:39","modified_gmt":"2022-05-28T16:45:39","slug":"betta-basics-60ml-seachem","status":"publish","type":"product","link":"https:\/\/megamascotasdf.com\/megamascotas\/producto\/betta-basics-60ml-seachem\/","title":{"rendered":"Betta Basics Seachem"},"content":{"rendered":"<p>Betta Basics est\u00e1 dise\u00f1ado para proporcionar un ambiente \u00f3ptimo para los peces Betta y las plantas eliminando el cloro, la cloramina, el amoniaco y manteniendo un pH de 7.0 en el agua. Betta Basics promueve un nivel de crecimiento \u00f3ptimo y una salud vigorosa.<\/p>\n<p>Utilizar con cada cambio de agua. Para obtener los mejores resultados, use tambi\u00e9n 2 o 3 veces por semana. Agregue 1 tap\u00f3n (5 mL) por cada 1,25 L de agua. En tazones solo para betta (es decir, sin plantas), use 1 tap\u00f3n por cada 4 L con los cambios de agua.<\/p>\n","protected":false},"excerpt":{"rendered":"<p>Acondicionador para Bettas.<br \/>\nCantidad: 60 mL<\/p>\n","protected":false},"featured_media":7674,"comment_status":"open","ping_status":"closed","template":"","meta":[],"product_cat":[18,96],"product_tag":[120],"jetpack_publicize_connections":[],"_links":{"self":[{"href":"https:\/\/megamascotasdf.com\/megamascotas\/wp-json\/wp\/v2\/product\/5278"}],"collection":[{"href":"https:\/\/megamascotasdf.com\/megamascotas\/wp-json\/wp\/v2\/product"}],"about":[{"href":"https:\/\/megamascotasdf.com\/megamascotas\/wp-json\/wp\/v2\/types\/product"}],"replies":[{"embeddable":true,"href":"https:\/\/megamascotasdf.com\/megamascotas\/wp-json\/wp\/v2\/comments?post=5278"}],"wp:featuredmedia":[{"embeddable":true,"href":"https:\/\/megamascotasdf.com\/megamascotas\/wp-json\/wp\/v2\/media\/7674"}],"wp:attachment":[{"href":"https:\/\/megamascotasdf.com\/megamascotas\/wp-json\/wp\/v2\/media?parent=5278"}],"wp:term":[{"taxonomy":"product_cat","embeddable":true,"href":"https:\/\/megamascotasdf.com\/megamascotas\/wp-json\/wp\/v2\/product_cat?post=5278"},{"taxonomy":"product_tag","embeddable":true,"href":"https:\/\/megamascotasdf.com\/megamascotas\/wp-json\/wp\/v2\/product_tag?post=5278"}],"curies":[{"name":"wp","href":"https:\/\/api.w.org\/{rel}","templated":true}]}}