{"id":513,"date":"2017-09-06T12:38:32","date_gmt":"2017-09-06T18:38:32","guid":{"rendered":"http:\/\/megamascotasdf.com\/megamascotas\/?post_type=product&#038;p=513"},"modified":"2022-03-15T12:36:15","modified_gmt":"2022-03-15T18:36:15","slug":"jaula-diplomat","status":"publish","type":"product","link":"https:\/\/megamascotasdf.com\/megamascotas\/producto\/jaula-diplomat\/","title":{"rendered":"Jaula Diplomat I para Hur\u00f3n RedKite"},"content":{"rendered":"<p>De metal muy resistente, con base pl\u00e1stica, bandeja sanitaria removible y ruedas para desplazar.<\/p>\n<p>Color blanco\/azul.\u00a0Mantiene a su roedor c\u00f3modo y seguro.\u00a065 cm. x 45 cm. x 51 cm<\/p>\n","protected":false},"excerpt":{"rendered":"<p>H\u00e1bitat para mam\u00edferos peque\u00f1os como hur\u00f3n, conejo, cuyo o chinchilla.<br \/>\nMedidas: 65 x 45 x 51 cm.<\/p>\n","protected":false},"featured_media":3214,"comment_status":"open","ping_status":"closed","template":"","meta":[],"product_cat":[19,66],"product_tag":[],"jetpack_publicize_connections":[],"_links":{"self":[{"href":"https:\/\/megamascotasdf.com\/megamascotas\/wp-json\/wp\/v2\/product\/513"}],"collection":[{"href":"https:\/\/megamascotasdf.com\/megamascotas\/wp-json\/wp\/v2\/product"}],"about":[{"href":"https:\/\/megamascotasdf.com\/megamascotas\/wp-json\/wp\/v2\/types\/product"}],"replies":[{"embeddable":true,"href":"https:\/\/megamascotasdf.com\/megamascotas\/wp-json\/wp\/v2\/comments?post=513"}],"wp:featuredmedia":[{"embeddable":true,"href":"https:\/\/megamascotasdf.com\/megamascotas\/wp-json\/wp\/v2\/media\/3214"}],"wp:attachment":[{"href":"https:\/\/megamascotasdf.com\/megamascotas\/wp-json\/wp\/v2\/media?parent=513"}],"wp:term":[{"taxonomy":"product_cat","embeddable":true,"href":"https:\/\/megamascotasdf.com\/megamascotas\/wp-json\/wp\/v2\/product_cat?post=513"},{"taxonomy":"product_tag","embeddable":true,"href":"https:\/\/megamascotasdf.com\/megamascotas\/wp-json\/wp\/v2\/product_tag?post=513"}],"curies":[{"name":"wp","href":"https:\/\/api.w.org\/{rel}","templated":true}]}}