{"id":5089,"date":"2020-10-19T12:08:33","date_gmt":"2020-10-19T18:08:33","guid":{"rendered":"https:\/\/megamascotasdf.com\/megamascotas\/?post_type=product&#038;p=5089"},"modified":"2022-05-28T10:44:29","modified_gmt":"2022-05-28T16:44:29","slug":"reef-glue-20g-seachem","status":"publish","type":"product","link":"https:\/\/megamascotasdf.com\/megamascotas\/producto\/reef-glue-20g-seachem\/","title":{"rendered":"Reef Glue Seachem"},"content":{"rendered":"<p>Es un gel adhesivo de cianocrilato Premium dise\u00f1ado para el montaje y fijaci\u00f3n de colonias y fragmentos de coral a rocas vivas o elementos de soporte espec\u00edficos. <\/p>\n<p>Este adhesivo reacciona en segundos y tiene excelentes propiedades de retenci\u00f3n y durabilidad, dando la posibilidad de controlar la uni\u00f3n con precisi\u00f3n mientras fragua.<\/p>\n<p>Dispense una peque\u00f1a cantidad de pegamento antes de cada uso. Aplique una peque\u00f1a cantidad de Reef Glue a una de las superficies y presione las partes durante 20 segundos. Limpie la punta para quitarle el pegamento antes de volver a colocar la tapa.<\/p>\n","protected":false},"excerpt":{"rendered":"<p>Cantidad: 20g<\/p>\n","protected":false},"featured_media":7678,"comment_status":"open","ping_status":"closed","template":"","meta":[],"product_cat":[121,18],"product_tag":[120],"jetpack_publicize_connections":[],"_links":{"self":[{"href":"https:\/\/megamascotasdf.com\/megamascotas\/wp-json\/wp\/v2\/product\/5089"}],"collection":[{"href":"https:\/\/megamascotasdf.com\/megamascotas\/wp-json\/wp\/v2\/product"}],"about":[{"href":"https:\/\/megamascotasdf.com\/megamascotas\/wp-json\/wp\/v2\/types\/product"}],"replies":[{"embeddable":true,"href":"https:\/\/megamascotasdf.com\/megamascotas\/wp-json\/wp\/v2\/comments?post=5089"}],"wp:featuredmedia":[{"embeddable":true,"href":"https:\/\/megamascotasdf.com\/megamascotas\/wp-json\/wp\/v2\/media\/7678"}],"wp:attachment":[{"href":"https:\/\/megamascotasdf.com\/megamascotas\/wp-json\/wp\/v2\/media?parent=5089"}],"wp:term":[{"taxonomy":"product_cat","embeddable":true,"href":"https:\/\/megamascotasdf.com\/megamascotas\/wp-json\/wp\/v2\/product_cat?post=5089"},{"taxonomy":"product_tag","embeddable":true,"href":"https:\/\/megamascotasdf.com\/megamascotas\/wp-json\/wp\/v2\/product_tag?post=5089"}],"curies":[{"name":"wp","href":"https:\/\/api.w.org\/{rel}","templated":true}]}}