{"id":5083,"date":"2020-10-19T12:02:54","date_gmt":"2020-10-19T18:02:54","guid":{"rendered":"https:\/\/megamascotasdf.com\/megamascotas\/?post_type=product&#038;p=5083"},"modified":"2022-05-28T11:55:06","modified_gmt":"2022-05-28T17:55:06","slug":"stressguard-seachem","status":"publish","type":"product","link":"https:\/\/megamascotasdf.com\/megamascotas\/producto\/stressguard-seachem\/","title":{"rendered":"StressGuard Seachem"},"content":{"rendered":"<p>StressGuard es un acondicionador Premium que protege la mucosa de los peces. StressGuard reducir\u00e1 el estr\u00e9s y la  toxicidad del amonio durante la manipulaci\u00f3n o transporte de peces.<\/p>\n<p>StressGuard se une a las prote\u00ednas expuestas en las posibles heridas sufridas para promover as\u00ed la curaci\u00f3n del pez afectado y reducir la probabilidad de infecciones primarias y secundarias.<\/p>\n<p>StressGuard tiene un pH de 7.0. No afectar\u00e1 el pH de un acuario, incluso en grandes dosis.<\/p>\n<p>StressGuard es compatible con todos los medicamentos, EXCEPTO aquellos a base de cobre, incluido Seachem Cupramine.<\/p>\n<p>Use 1\/2 a 1 tapa (2,5 a 5 mL) por cada 40 L al d\u00eda hasta que los signos de estr\u00e9s hayan disminuido o se complete la cicatrizaci\u00f3n. La dosis se puede duplicar con seguridad.<\/p>\n","protected":false},"excerpt":{"rendered":"<p>StressGuard es un acondicionador Premium que protege la mucosa de los peces. StressGuard reducir\u00e1 el estr\u00e9s y la toxicidad del amonio durante la manipulaci\u00f3n o transporte de peces. StressGuard se une a las prote\u00ednas expuestas en las posibles heridas sufridas para promover as\u00ed la curaci\u00f3n del pez afectado y reducir la probabilidad de infecciones primarias [&hellip;]<\/p>\n","protected":false},"featured_media":7682,"comment_status":"open","ping_status":"closed","template":"","meta":[],"product_cat":[18,96],"product_tag":[120],"jetpack_publicize_connections":[],"_links":{"self":[{"href":"https:\/\/megamascotasdf.com\/megamascotas\/wp-json\/wp\/v2\/product\/5083"}],"collection":[{"href":"https:\/\/megamascotasdf.com\/megamascotas\/wp-json\/wp\/v2\/product"}],"about":[{"href":"https:\/\/megamascotasdf.com\/megamascotas\/wp-json\/wp\/v2\/types\/product"}],"replies":[{"embeddable":true,"href":"https:\/\/megamascotasdf.com\/megamascotas\/wp-json\/wp\/v2\/comments?post=5083"}],"wp:featuredmedia":[{"embeddable":true,"href":"https:\/\/megamascotasdf.com\/megamascotas\/wp-json\/wp\/v2\/media\/7682"}],"wp:attachment":[{"href":"https:\/\/megamascotasdf.com\/megamascotas\/wp-json\/wp\/v2\/media?parent=5083"}],"wp:term":[{"taxonomy":"product_cat","embeddable":true,"href":"https:\/\/megamascotasdf.com\/megamascotas\/wp-json\/wp\/v2\/product_cat?post=5083"},{"taxonomy":"product_tag","embeddable":true,"href":"https:\/\/megamascotasdf.com\/megamascotas\/wp-json\/wp\/v2\/product_tag?post=5083"}],"curies":[{"name":"wp","href":"https:\/\/api.w.org\/{rel}","templated":true}]}}