{"id":494,"date":"2017-09-05T18:28:01","date_gmt":"2017-09-06T00:28:01","guid":{"rendered":"http:\/\/megamascotasdf.com\/megamascotas\/?post_type=product&#038;p=494"},"modified":"2022-05-12T11:20:54","modified_gmt":"2022-05-12T17:20:54","slug":"jaula-daytona-i","status":"publish","type":"product","link":"https:\/\/megamascotasdf.com\/megamascotas\/producto\/jaula-daytona-i\/","title":{"rendered":"Jaula Daytona I para Roedor RedKite"},"content":{"rendered":"<p>H\u00e1bitat para roedores peque\u00f1os con dise\u00f1o creativo.<\/p>\n<p>Medidas: 33 cm x 23 cm x 26 cm<\/p>\n<p>Caracter\u00edsticas:<br \/>\n- Jaula de metal con base pl\u00e1stica.<br \/>\n- Con rueda ejercitadora, segundo nivel, escalera, casa, bebedero y comedero.<br \/>\n- Colores variados.<\/p>\n<p>Beneficios:<br \/>\n- Para mantener a sus roedores c\u00f3modos y seguros.<br \/>\n- Permite observar las actividades del roedor.<br \/>\n- Pintura libre de plomo, por lo que no es t\u00f3xica para el roedor.<\/p>\n","protected":false},"excerpt":{"rendered":"<p>H\u00e1bitat para roedores chicos como h\u00e1mster y jerbo.<\/p>\n","protected":false},"featured_media":7472,"comment_status":"open","ping_status":"closed","template":"","meta":[],"product_cat":[19,66],"product_tag":[],"jetpack_publicize_connections":[],"_links":{"self":[{"href":"https:\/\/megamascotasdf.com\/megamascotas\/wp-json\/wp\/v2\/product\/494"}],"collection":[{"href":"https:\/\/megamascotasdf.com\/megamascotas\/wp-json\/wp\/v2\/product"}],"about":[{"href":"https:\/\/megamascotasdf.com\/megamascotas\/wp-json\/wp\/v2\/types\/product"}],"replies":[{"embeddable":true,"href":"https:\/\/megamascotasdf.com\/megamascotas\/wp-json\/wp\/v2\/comments?post=494"}],"wp:featuredmedia":[{"embeddable":true,"href":"https:\/\/megamascotasdf.com\/megamascotas\/wp-json\/wp\/v2\/media\/7472"}],"wp:attachment":[{"href":"https:\/\/megamascotasdf.com\/megamascotas\/wp-json\/wp\/v2\/media?parent=494"}],"wp:term":[{"taxonomy":"product_cat","embeddable":true,"href":"https:\/\/megamascotasdf.com\/megamascotas\/wp-json\/wp\/v2\/product_cat?post=494"},{"taxonomy":"product_tag","embeddable":true,"href":"https:\/\/megamascotasdf.com\/megamascotas\/wp-json\/wp\/v2\/product_tag?post=494"}],"curies":[{"name":"wp","href":"https:\/\/api.w.org\/{rel}","templated":true}]}}