{"id":467,"date":"2017-09-05T16:06:25","date_gmt":"2017-09-05T22:06:25","guid":{"rendered":"http:\/\/megamascotasdf.com\/megamascotas\/?post_type=product&#038;p=467"},"modified":"2022-03-16T16:06:30","modified_gmt":"2022-03-16T22:06:30","slug":"jaula-san-diego-ii","status":"publish","type":"product","link":"https:\/\/megamascotasdf.com\/megamascotas\/producto\/jaula-san-diego-ii\/","title":{"rendered":"Jaula San Diego II para Roedor RedKite"},"content":{"rendered":"<p>Mantiene a su roedor c\u00f3modo y seguro.<\/p>\n<p>Medidas: 47cm x 30cm x 37cm.<\/p>\n<p>De metal con base pl\u00e1stica.<br \/>\nIncluye resbaladilla, t\u00fanel rueda para hacer ejercicio, dos niveles con rampas, casa, taz\u00f3n para alimento y bebedero.<br \/>\nPintura libre de plomo, por lo que no es t\u00f3xica para su h\u00e1mster<br \/>\nColores surtidos.<\/p>\n","protected":false},"excerpt":{"rendered":"<p>H\u00e1bitat chico para h\u00e1msters, jerbos y otros roedores peque\u00f1os.<\/p>\n","protected":false},"featured_media":7114,"comment_status":"open","ping_status":"closed","template":"","meta":[],"product_cat":[19,66],"product_tag":[],"jetpack_publicize_connections":[],"_links":{"self":[{"href":"https:\/\/megamascotasdf.com\/megamascotas\/wp-json\/wp\/v2\/product\/467"}],"collection":[{"href":"https:\/\/megamascotasdf.com\/megamascotas\/wp-json\/wp\/v2\/product"}],"about":[{"href":"https:\/\/megamascotasdf.com\/megamascotas\/wp-json\/wp\/v2\/types\/product"}],"replies":[{"embeddable":true,"href":"https:\/\/megamascotasdf.com\/megamascotas\/wp-json\/wp\/v2\/comments?post=467"}],"wp:featuredmedia":[{"embeddable":true,"href":"https:\/\/megamascotasdf.com\/megamascotas\/wp-json\/wp\/v2\/media\/7114"}],"wp:attachment":[{"href":"https:\/\/megamascotasdf.com\/megamascotas\/wp-json\/wp\/v2\/media?parent=467"}],"wp:term":[{"taxonomy":"product_cat","embeddable":true,"href":"https:\/\/megamascotasdf.com\/megamascotas\/wp-json\/wp\/v2\/product_cat?post=467"},{"taxonomy":"product_tag","embeddable":true,"href":"https:\/\/megamascotasdf.com\/megamascotas\/wp-json\/wp\/v2\/product_tag?post=467"}],"curies":[{"name":"wp","href":"https:\/\/api.w.org\/{rel}","templated":true}]}}