{"id":445,"date":"2017-09-05T13:25:05","date_gmt":"2017-09-05T19:25:05","guid":{"rendered":"http:\/\/megamascotasdf.com\/megamascotas\/?post_type=product&#038;p=445"},"modified":"2022-03-16T16:10:11","modified_gmt":"2022-03-16T22:10:11","slug":"jaula-fresno-3","status":"publish","type":"product","link":"https:\/\/megamascotasdf.com\/megamascotas\/producto\/jaula-fresno-3\/","title":{"rendered":"Jaula Fresno III para Roedor RedKite"},"content":{"rendered":"<p>H\u00e1bitat para roedores peque\u00f1os con dise\u00f1o creativo.<\/p>\n<p>Medidas 45 cm x 30 cm x 33 cm.<\/p>\n<p>Caracter\u00edsticas:<br \/>\n- Jaula de metal con base pl\u00e1stica.<br \/>\n- Techo abatible.<br \/>\n- Puerta frontal.<br \/>\n- Con rueda ejercitadora, t\u00fanel, resbaladilla, plataforma con madriguera, bebedero y comedero.<br \/>\n- Seguros a los lados para fijar la rejilla met\u00e1lica con la base pl\u00e1stica.<br \/>\n- Colores surtidos.<\/p>\n<p>Beneficios:<br \/>\n- Para mantener a sus roedores c\u00f3modos y seguros.<br \/>\n- Permite observar las actividades del roedor.<br \/>\n- Pintura libre de plomo, por lo que no es t\u00f3xica para el roedor.<\/p>\n","protected":false},"excerpt":{"rendered":"<p>H\u00e1bitat para roedores chicos como h\u00e1mster y jerbo.<\/p>\n","protected":false},"featured_media":7099,"comment_status":"open","ping_status":"closed","template":"","meta":[],"product_cat":[19,66],"product_tag":[],"jetpack_publicize_connections":[],"_links":{"self":[{"href":"https:\/\/megamascotasdf.com\/megamascotas\/wp-json\/wp\/v2\/product\/445"}],"collection":[{"href":"https:\/\/megamascotasdf.com\/megamascotas\/wp-json\/wp\/v2\/product"}],"about":[{"href":"https:\/\/megamascotasdf.com\/megamascotas\/wp-json\/wp\/v2\/types\/product"}],"replies":[{"embeddable":true,"href":"https:\/\/megamascotasdf.com\/megamascotas\/wp-json\/wp\/v2\/comments?post=445"}],"wp:featuredmedia":[{"embeddable":true,"href":"https:\/\/megamascotasdf.com\/megamascotas\/wp-json\/wp\/v2\/media\/7099"}],"wp:attachment":[{"href":"https:\/\/megamascotasdf.com\/megamascotas\/wp-json\/wp\/v2\/media?parent=445"}],"wp:term":[{"taxonomy":"product_cat","embeddable":true,"href":"https:\/\/megamascotasdf.com\/megamascotas\/wp-json\/wp\/v2\/product_cat?post=445"},{"taxonomy":"product_tag","embeddable":true,"href":"https:\/\/megamascotasdf.com\/megamascotas\/wp-json\/wp\/v2\/product_tag?post=445"}],"curies":[{"name":"wp","href":"https:\/\/api.w.org\/{rel}","templated":true}]}}