{"id":4081,"date":"2020-06-26T11:43:34","date_gmt":"2020-06-26T17:43:34","guid":{"rendered":"https:\/\/megamascotasdf.com\/megamascotas\/?post_type=product&#038;p=4081"},"modified":"2022-03-16T17:33:48","modified_gmt":"2022-03-16T23:33:48","slug":"biberon-para-perro-y-gato-56-ml","status":"publish","type":"product","link":"https:\/\/megamascotasdf.com\/megamascotas\/producto\/biberon-para-perro-y-gato-56-ml\/","title":{"rendered":"BIBERON PARA PERRO Y GATO  56 ML"},"content":{"rendered":"<p>La mamila o chup\u00f3n imita el pez\u00f3n materno, es del tama\u00f1o perfecto para adaptarse a cada cachorro.<br \/>\nEs un producto indispensable para alimentar a perritos reci\u00e9n nacidos o cuya lactancia materna se vea<br \/>\ninterrumpida.<\/p>\n<p>FL7906<\/p>\n","protected":false},"excerpt":{"rendered":"<p>Biber\u00f3n con chup\u00f3n para alimentaci\u00f3n de cachorros y gatitos reci\u00e9n nacidos o<br \/>\nhu\u00e9rfanos<\/p>\n","protected":false},"featured_media":4082,"comment_status":"open","ping_status":"closed","template":"","meta":[],"product_cat":[16,34,30,17,36,37,43],"product_tag":[],"jetpack_publicize_connections":[],"_links":{"self":[{"href":"https:\/\/megamascotasdf.com\/megamascotas\/wp-json\/wp\/v2\/product\/4081"}],"collection":[{"href":"https:\/\/megamascotasdf.com\/megamascotas\/wp-json\/wp\/v2\/product"}],"about":[{"href":"https:\/\/megamascotasdf.com\/megamascotas\/wp-json\/wp\/v2\/types\/product"}],"replies":[{"embeddable":true,"href":"https:\/\/megamascotasdf.com\/megamascotas\/wp-json\/wp\/v2\/comments?post=4081"}],"wp:featuredmedia":[{"embeddable":true,"href":"https:\/\/megamascotasdf.com\/megamascotas\/wp-json\/wp\/v2\/media\/4082"}],"wp:attachment":[{"href":"https:\/\/megamascotasdf.com\/megamascotas\/wp-json\/wp\/v2\/media?parent=4081"}],"wp:term":[{"taxonomy":"product_cat","embeddable":true,"href":"https:\/\/megamascotasdf.com\/megamascotas\/wp-json\/wp\/v2\/product_cat?post=4081"},{"taxonomy":"product_tag","embeddable":true,"href":"https:\/\/megamascotasdf.com\/megamascotas\/wp-json\/wp\/v2\/product_tag?post=4081"}],"curies":[{"name":"wp","href":"https:\/\/api.w.org\/{rel}","templated":true}]}}