{"id":4011,"date":"2020-06-18T11:39:38","date_gmt":"2020-06-18T17:39:38","guid":{"rendered":"https:\/\/megamascotasdf.com\/megamascotas\/?post_type=product&#038;p=4011"},"modified":"2022-03-24T16:05:34","modified_gmt":"2022-03-24T22:05:34","slug":"acondicionador-algae-control-100ml","status":"publish","type":"product","link":"https:\/\/megamascotasdf.com\/megamascotas\/producto\/acondicionador-algae-control-100ml\/","title":{"rendered":"ACONDICIONADOR ALGAE CONTROL 100ML"},"content":{"rendered":"<p>Acondicionador Tetra Algae Control combate el crecimiento de algas, el cual es causante de la coloraci\u00f3n verde en el agua del acuario. Elimina las algas que crecen sobre los cristales y la decoraci\u00f3n del acuario, combate algas verdes y marr\u00f3n<\/p>\n<p>TE77184<\/p>\n","protected":false},"excerpt":{"rendered":"<p>Acondicionador algae control 100 ml.<\/p>\n","protected":false},"featured_media":4012,"comment_status":"open","ping_status":"closed","template":"","meta":[],"product_cat":[18,53],"product_tag":[],"jetpack_publicize_connections":[],"_links":{"self":[{"href":"https:\/\/megamascotasdf.com\/megamascotas\/wp-json\/wp\/v2\/product\/4011"}],"collection":[{"href":"https:\/\/megamascotasdf.com\/megamascotas\/wp-json\/wp\/v2\/product"}],"about":[{"href":"https:\/\/megamascotasdf.com\/megamascotas\/wp-json\/wp\/v2\/types\/product"}],"replies":[{"embeddable":true,"href":"https:\/\/megamascotasdf.com\/megamascotas\/wp-json\/wp\/v2\/comments?post=4011"}],"wp:featuredmedia":[{"embeddable":true,"href":"https:\/\/megamascotasdf.com\/megamascotas\/wp-json\/wp\/v2\/media\/4012"}],"wp:attachment":[{"href":"https:\/\/megamascotasdf.com\/megamascotas\/wp-json\/wp\/v2\/media?parent=4011"}],"wp:term":[{"taxonomy":"product_cat","embeddable":true,"href":"https:\/\/megamascotasdf.com\/megamascotas\/wp-json\/wp\/v2\/product_cat?post=4011"},{"taxonomy":"product_tag","embeddable":true,"href":"https:\/\/megamascotasdf.com\/megamascotas\/wp-json\/wp\/v2\/product_tag?post=4011"}],"curies":[{"name":"wp","href":"https:\/\/api.w.org\/{rel}","templated":true}]}}