{"id":3874,"date":"2020-06-12T15:12:38","date_gmt":"2020-06-12T21:12:38","guid":{"rendered":"https:\/\/megamascotasdf.com\/megamascotas\/?post_type=product&#038;p=3874"},"modified":"2022-05-28T14:41:31","modified_gmt":"2022-05-28T20:41:31","slug":"alimentador-para-colibris-chico-125-ml","status":"publish","type":"product","link":"https:\/\/megamascotasdf.com\/megamascotas\/producto\/alimentador-para-colibris-chico-125-ml\/","title":{"rendered":"Bebedero p\/Colibr\u00ed RedKite 125mL"},"content":{"rendered":"<p>Bebedero de pl\u00e1stico resistente y lavable, con una estaci\u00f3n de alimentaci\u00f3n con forma de flor y base desmontable para su llenado.<\/p>\n<p>Contenido: 1 pieza. Incluye gancho y alambre forjado para colgar.<\/p>\n<p>Modo de Uso:<br \/>\n1. Para llenar el bebedero, desenrosque la base y sep\u00e1rela del contenedor.<br \/>\n2. Sostenga el bebedero con la boca hacia arriba y vierta el N\u00e9ctar para Colibr\u00ed de RedKite.<br \/>\n3. Coloque la base nuevamente y enr\u00f3squela en el sentido de las manecillas de reloj hasta que quede bien asegurada.<br \/>\n4. Dependiendo del lugar en que quiera colgarlo, utilice el gancho met\u00e1lico o el alambre forrado. <\/p>\n<p>Limpieza: Lave con abundante agua tibia su Alimentador para Colibr\u00edes m\u00ednimo cada semana, con mayor frecuencia en climas c\u00e1lidos. En caso de notar manchas u hongos, puede utilizar vinagre para desinfectar. Enjuague antes de volver a llenar el bebedero.<\/p>\n<p>Coloque el bebedero en un lugar sombreado y sin corrientes fuertes de aire para evitar la descomposici\u00f3n o derrame del n\u00e9ctar. Instale el bebedero en ramas de \u00e1rboles, cerca de arbustos o flores, ya que son fuente de descanso, refugio y alimento. Para mejores resultados usa N\u00e9ctar para Colibr\u00ed de Redkite listo para usarse.<\/p>\n","protected":false},"excerpt":{"rendered":"<p>Capacidad: 125 mL<\/p>\n","protected":false},"featured_media":7522,"comment_status":"open","ping_status":"closed","template":"","meta":[],"product_cat":[20,69],"product_tag":[109],"jetpack_publicize_connections":[],"_links":{"self":[{"href":"https:\/\/megamascotasdf.com\/megamascotas\/wp-json\/wp\/v2\/product\/3874"}],"collection":[{"href":"https:\/\/megamascotasdf.com\/megamascotas\/wp-json\/wp\/v2\/product"}],"about":[{"href":"https:\/\/megamascotasdf.com\/megamascotas\/wp-json\/wp\/v2\/types\/product"}],"replies":[{"embeddable":true,"href":"https:\/\/megamascotasdf.com\/megamascotas\/wp-json\/wp\/v2\/comments?post=3874"}],"wp:featuredmedia":[{"embeddable":true,"href":"https:\/\/megamascotasdf.com\/megamascotas\/wp-json\/wp\/v2\/media\/7522"}],"wp:attachment":[{"href":"https:\/\/megamascotasdf.com\/megamascotas\/wp-json\/wp\/v2\/media?parent=3874"}],"wp:term":[{"taxonomy":"product_cat","embeddable":true,"href":"https:\/\/megamascotasdf.com\/megamascotas\/wp-json\/wp\/v2\/product_cat?post=3874"},{"taxonomy":"product_tag","embeddable":true,"href":"https:\/\/megamascotasdf.com\/megamascotas\/wp-json\/wp\/v2\/product_tag?post=3874"}],"curies":[{"name":"wp","href":"https:\/\/api.w.org\/{rel}","templated":true}]}}