{"id":3866,"date":"2020-06-12T14:02:21","date_gmt":"2020-06-12T20:02:21","guid":{"rendered":"https:\/\/megamascotasdf.com\/megamascotas\/?post_type=product&#038;p=3866"},"modified":"2022-05-28T14:37:06","modified_gmt":"2022-05-28T20:37:06","slug":"alimentador-para-colibris-con-hibiscos-2-lt","status":"publish","type":"product","link":"https:\/\/megamascotasdf.com\/megamascotas\/producto\/alimentador-para-colibris-con-hibiscos-2-lt\/","title":{"rendered":"Bebedero p\/Colibr\u00ed con Hibiscos RedKite 2L"},"content":{"rendered":"<p>Bebedero para colibr\u00edes con 4 estaciones de alimentaci\u00f3n con forma de flores, base desmontable para facilitar su llenado, resistente y lavable.<\/p>\n<p>Contenido: 1 pieza (Incluye gancho y alambre forrado para colgar).<\/p>\n<p>Modo de Uso<br \/>\n1. Para llenar el bebedero, desenrosque la base y sep\u00e1rala del contenedor.<br \/>\n2. Sostenga el bebedero con la boca hacia arriba y vierta el n\u00e9ctar de colibr\u00ed RedKite y vuelva a colocar la tapa.<br \/>\n3. Dependiendo del lugar en que quiera colgarlo, utilice el gancho met\u00e1lico o el alambre forrado. <\/p>\n<p>Limpieza: Lave con abundante agua tibia su bebedero para colibr\u00ed RedKite cada semana, especialmente en climas c\u00e1lidos. Puede utilizar cloro en caso de notar manchas de moho u hongos en el recipiente. Enjuague antes de volver a llenar el bebedero.<\/p>\n<p>Coloque el bebedero lejos del sol y del viento para evitar que el n\u00e9ctar se descomponga o se derrame. Los mejores lugares para colocarlos son las ramas de los \u00e1rboles o cerca de arbustos y de flores ya que son fuente de descanso, refugio y alimento. Para mejores resultados usa N\u00e9ctar para colibr\u00ed Redkite listo para usarse.<\/p>\n","protected":false},"excerpt":{"rendered":"<p>Capacidad: 2L<\/p>\n","protected":false},"featured_media":7527,"comment_status":"open","ping_status":"closed","template":"","meta":[],"product_cat":[20,69],"product_tag":[109],"jetpack_publicize_connections":[],"_links":{"self":[{"href":"https:\/\/megamascotasdf.com\/megamascotas\/wp-json\/wp\/v2\/product\/3866"}],"collection":[{"href":"https:\/\/megamascotasdf.com\/megamascotas\/wp-json\/wp\/v2\/product"}],"about":[{"href":"https:\/\/megamascotasdf.com\/megamascotas\/wp-json\/wp\/v2\/types\/product"}],"replies":[{"embeddable":true,"href":"https:\/\/megamascotasdf.com\/megamascotas\/wp-json\/wp\/v2\/comments?post=3866"}],"wp:featuredmedia":[{"embeddable":true,"href":"https:\/\/megamascotasdf.com\/megamascotas\/wp-json\/wp\/v2\/media\/7527"}],"wp:attachment":[{"href":"https:\/\/megamascotasdf.com\/megamascotas\/wp-json\/wp\/v2\/media?parent=3866"}],"wp:term":[{"taxonomy":"product_cat","embeddable":true,"href":"https:\/\/megamascotasdf.com\/megamascotas\/wp-json\/wp\/v2\/product_cat?post=3866"},{"taxonomy":"product_tag","embeddable":true,"href":"https:\/\/megamascotasdf.com\/megamascotas\/wp-json\/wp\/v2\/product_tag?post=3866"}],"curies":[{"name":"wp","href":"https:\/\/api.w.org\/{rel}","templated":true}]}}