{"id":3856,"date":"2020-06-12T13:44:03","date_gmt":"2020-06-12T19:44:03","guid":{"rendered":"https:\/\/megamascotasdf.com\/megamascotas\/?post_type=product&#038;p=3856"},"modified":"2022-05-28T14:32:43","modified_gmt":"2022-05-28T20:32:43","slug":"alimentador-de-semillas-para-ves-360-grs","status":"publish","type":"product","link":"https:\/\/megamascotasdf.com\/megamascotas\/producto\/alimentador-de-semillas-para-ves-360-grs\/","title":{"rendered":"Alimentador de Semillas para Aves RedKite 360g"},"content":{"rendered":"<p>El alimentador de semillas para aves se coloca al aire libre para suministrar el alimento.<\/p>\n<p>Cuenta con seis estaciones de alimentaci\u00f3n con percha y dep\u00f3sito transparente para un f\u00e1cil control de los niveles de semilla.<\/p>\n<p>Es f\u00e1cil de llenar y limpiar.<\/p>\n<p>Modo de uso:<br \/>\n1. Gire la tapa en el sentido de las manecillas del reloj y lev\u00e1ntela para abrir.<br \/>\n2. Vierta las semillas y coloque nuevamente la tapa gir\u00e1ndola hacia el sentido contrario de las manecillas del reloj asegur\u00e1ndose de que quede bien cerrada.<\/p>\n<p>Limpieza: Lave su alimentador de semillas RedKite dos veces por semana con abundante agua tibia.<\/p>\n","protected":false},"excerpt":{"rendered":"<p>Capacidad: 360g<\/p>\n","protected":false},"featured_media":7494,"comment_status":"open","ping_status":"closed","template":"","meta":[],"product_cat":[20,69],"product_tag":[109],"jetpack_publicize_connections":[],"_links":{"self":[{"href":"https:\/\/megamascotasdf.com\/megamascotas\/wp-json\/wp\/v2\/product\/3856"}],"collection":[{"href":"https:\/\/megamascotasdf.com\/megamascotas\/wp-json\/wp\/v2\/product"}],"about":[{"href":"https:\/\/megamascotasdf.com\/megamascotas\/wp-json\/wp\/v2\/types\/product"}],"replies":[{"embeddable":true,"href":"https:\/\/megamascotasdf.com\/megamascotas\/wp-json\/wp\/v2\/comments?post=3856"}],"wp:featuredmedia":[{"embeddable":true,"href":"https:\/\/megamascotasdf.com\/megamascotas\/wp-json\/wp\/v2\/media\/7494"}],"wp:attachment":[{"href":"https:\/\/megamascotasdf.com\/megamascotas\/wp-json\/wp\/v2\/media?parent=3856"}],"wp:term":[{"taxonomy":"product_cat","embeddable":true,"href":"https:\/\/megamascotasdf.com\/megamascotas\/wp-json\/wp\/v2\/product_cat?post=3856"},{"taxonomy":"product_tag","embeddable":true,"href":"https:\/\/megamascotasdf.com\/megamascotas\/wp-json\/wp\/v2\/product_tag?post=3856"}],"curies":[{"name":"wp","href":"https:\/\/api.w.org\/{rel}","templated":true}]}}