{"id":3717,"date":"2020-06-11T15:24:37","date_gmt":"2020-06-11T21:24:37","guid":{"rendered":"https:\/\/megamascotasdf.com\/megamascotas\/?post_type=product&#038;p=3717"},"modified":"2022-01-21T12:04:27","modified_gmt":"2022-01-21T18:04:27","slug":"wave-maker-con-controlador-de-intensidad-y-tiempo-incluye-2-generadores-boyu","status":"publish","type":"product","link":"https:\/\/megamascotasdf.com\/megamascotas\/producto\/wave-maker-con-controlador-de-intensidad-y-tiempo-incluye-2-generadores-boyu\/","title":{"rendered":"Wave maker con controlador de intensidad y tiempo, incluye 2 generadores BOYU"},"content":{"rendered":"<p>BOYU WM-4 es un sistema de dos bombas programables pensado para crear corrientes y oleajes en los acuarios de arrecife. Est\u00e1 equipado con una consola de control muy funcional que le permitir\u00e1 gestionar de forma individual tanto la intensidad de flujo como los ciclos de paro y encendido de sus dos bombas. Adem\u00e1s, cuenta con un con un bot\u00f3n \u201cFeed\u201d que interrumpir\u00e1 su funcionamiento para poder alimentar c\u00f3modamente a sus peces e invertebrados. Sus dos eficientes motores el\u00e9ctricos AC trabajan a 24 voltios con un consumo el\u00e9ctrico de 18w por unidad, y est\u00e1n dotados de una bobina sin escobillas que rinde un caudal suficiente para acuarios de hasta 500 litros. Estas bombas aportan un funcionamiento muy silencioso a la vez que potente y eficiente, que permitir\u00e1 recrear con facilidad el comportamiento t\u00edpico de las corrientes en los arrecifes. Posee una funci\u00f3n nocturna para atenuar la frecuencia con que se alterna el funcionamiento de las bombas.<span class=\"Apple-converted-space\">\u00a0\u00a0<\/span>Este generador de corrientes es tambi\u00e9n muy \u00fatil en aquellos sistemas que por diferentes causas requieran movimiento de agua; como estanques, acuarios plantados, acuarios salobres o aquellos que reproducen en biotopos de r\u00edos con alto movimiento de agua.<span class=\"Apple-converted-space\">\u00a0\u00a0<\/span>Este modelo est\u00e1 equipado con dos sistemas de fijaci\u00f3n intercambiables: un sistema de soporte de 3 ventosas o una percha ajustable en altura que se fija desde borde del acuario, ideal para crear corrientes de superficie.<span class=\"Apple-converted-space\">\u00a0\u00a0<\/span>Opcionalmente est\u00e1n disponibles los soportes magn\u00e9ticos CLZ-2 y CLZ-3 para sujetar c\u00f3modamente sus bombas en vidrios de hasta 18 mil\u00edmetros de grosor.<span class=\"Apple-converted-space\">\u00a0 \u00a0<\/span><\/p>\n","protected":false},"excerpt":{"rendered":"<p>BOYU WM-4 es un sistema de dos bombas programables pensado para crear corrientes y oleajes en los acuarios de arrecife. Est\u00e1 equipado con una consola de control muy funcional que le permitir\u00e1 gestionar de forma individual tanto la intensidad de flujo como los ciclos de paro y encendido de sus dos bombas. Adem\u00e1s, cuenta con [&hellip;]<\/p>\n","protected":false},"featured_media":3718,"comment_status":"open","ping_status":"closed","template":"","meta":[],"product_cat":[18,86],"product_tag":[],"jetpack_publicize_connections":[],"_links":{"self":[{"href":"https:\/\/megamascotasdf.com\/megamascotas\/wp-json\/wp\/v2\/product\/3717"}],"collection":[{"href":"https:\/\/megamascotasdf.com\/megamascotas\/wp-json\/wp\/v2\/product"}],"about":[{"href":"https:\/\/megamascotasdf.com\/megamascotas\/wp-json\/wp\/v2\/types\/product"}],"replies":[{"embeddable":true,"href":"https:\/\/megamascotasdf.com\/megamascotas\/wp-json\/wp\/v2\/comments?post=3717"}],"wp:featuredmedia":[{"embeddable":true,"href":"https:\/\/megamascotasdf.com\/megamascotas\/wp-json\/wp\/v2\/media\/3718"}],"wp:attachment":[{"href":"https:\/\/megamascotasdf.com\/megamascotas\/wp-json\/wp\/v2\/media?parent=3717"}],"wp:term":[{"taxonomy":"product_cat","embeddable":true,"href":"https:\/\/megamascotasdf.com\/megamascotas\/wp-json\/wp\/v2\/product_cat?post=3717"},{"taxonomy":"product_tag","embeddable":true,"href":"https:\/\/megamascotasdf.com\/megamascotas\/wp-json\/wp\/v2\/product_tag?post=3717"}],"curies":[{"name":"wp","href":"https:\/\/api.w.org\/{rel}","templated":true}]}}