{"id":3502,"date":"2020-06-08T14:23:20","date_gmt":"2020-06-08T20:23:20","guid":{"rendered":"https:\/\/megamascotasdf.com\/megamascotas\/?post_type=product&#038;p=3502"},"modified":"2021-08-17T11:40:30","modified_gmt":"2021-08-17T17:40:30","slug":"aclarador-cloudy-treatment-azoo-plus","status":"publish","type":"product","link":"https:\/\/megamascotasdf.com\/megamascotas\/producto\/aclarador-cloudy-treatment-azoo-plus\/","title":{"rendered":"Aclarador Cloudy treatment AZOO PLUS"},"content":{"rendered":"<p>Cloudy Treatment Plus resuelve r\u00e1pidamente cualquier situaci\u00f3n de turbidez en el agua de su acuario, restableciendo una transparencia absoluta de la forma m\u00e1s inocua y segura para sus peces. Funciona mediante la aglutinaci\u00f3n de la materia en suspensi\u00f3n (turbidez org\u00e1nica, inorg\u00e1nica o algas verdes en suspensi\u00f3n) permitiendo que las part\u00edculas precipitadas puedan ser atrapadas por el filtro mec\u00e1nico o bien ser metabolizadas f\u00e1cilmente en el filtro biol\u00f3gico. Su avanzada f\u00f3rmula contiene pol\u00edmeros de ion positivo y cloruro de poli aluminio, que protege la piel de los peces y carece de efectos nocivos o t\u00f3xicos.<span class=\"Apple-converted-space\">\u00a0\u00a0<\/span>Cloudy Treatment Plus es Ideal para resolver esas situaciones adversas en el acuario que provocan turbidez en el agua, ya sea de origen bacteriol\u00f3gico (\u201cmilky water\u201d) o de orden inorg\u00e1nico, que presenta part\u00edculas coloidales en suspensi\u00f3n demasiado peque\u00f1as para ser atrapadas por el filtro.<\/p>\n","protected":false},"excerpt":{"rendered":"<p>Cloudy Treatment Plus resuelve r\u00e1pidamente cualquier situaci\u00f3n de turbidez en el agua de su acuario, restableciendo una transparencia absoluta de la forma m\u00e1s inocua y segura para sus peces. Funciona mediante la aglutinaci\u00f3n de la materia en suspensi\u00f3n (turbidez org\u00e1nica, inorg\u00e1nica o algas verdes en suspensi\u00f3n) permitiendo que las part\u00edculas precipitadas puedan ser atrapadas por [&hellip;]<\/p>\n","protected":false},"featured_media":3508,"comment_status":"open","ping_status":"closed","template":"","meta":[],"product_cat":[18,53],"product_tag":[],"jetpack_publicize_connections":[],"_links":{"self":[{"href":"https:\/\/megamascotasdf.com\/megamascotas\/wp-json\/wp\/v2\/product\/3502"}],"collection":[{"href":"https:\/\/megamascotasdf.com\/megamascotas\/wp-json\/wp\/v2\/product"}],"about":[{"href":"https:\/\/megamascotasdf.com\/megamascotas\/wp-json\/wp\/v2\/types\/product"}],"replies":[{"embeddable":true,"href":"https:\/\/megamascotasdf.com\/megamascotas\/wp-json\/wp\/v2\/comments?post=3502"}],"wp:featuredmedia":[{"embeddable":true,"href":"https:\/\/megamascotasdf.com\/megamascotas\/wp-json\/wp\/v2\/media\/3508"}],"wp:attachment":[{"href":"https:\/\/megamascotasdf.com\/megamascotas\/wp-json\/wp\/v2\/media?parent=3502"}],"wp:term":[{"taxonomy":"product_cat","embeddable":true,"href":"https:\/\/megamascotasdf.com\/megamascotas\/wp-json\/wp\/v2\/product_cat?post=3502"},{"taxonomy":"product_tag","embeddable":true,"href":"https:\/\/megamascotasdf.com\/megamascotas\/wp-json\/wp\/v2\/product_tag?post=3502"}],"curies":[{"name":"wp","href":"https:\/\/api.w.org\/{rel}","templated":true}]}}