{"id":3494,"date":"2020-06-08T14:23:35","date_gmt":"2020-06-08T20:23:35","guid":{"rendered":"https:\/\/megamascotasdf.com\/megamascotas\/?post_type=product&#038;p=3494"},"modified":"2023-02-03T17:22:47","modified_gmt":"2023-02-03T23:22:47","slug":"alimento-para-huron-850-grs","status":"publish","type":"product","link":"https:\/\/megamascotasdf.com\/megamascotas\/producto\/alimento-para-huron-850-grs\/","title":{"rendered":"Alimento Premium para Hur\u00f3n RedKite 850g"},"content":{"rendered":"<p>El Alimento para Hur\u00f3n de RedKite contiene todos los nutrientes esenciales para un sano y completo desarrollo del hur\u00f3n. Formulado para promover la salud de la piel y el pelo, mantener una buena condici\u00f3n f\u00edsica, promover el crecimiento de m\u00fasculos y huesos, as\u00ed como, incrementar la longevidad gracias a los antioxidantes que contiene.<\/p>\n<p>Instrucciones:<br \/>\nProporcione de 40 a 60 gramos de Alimento Premium para Hur\u00f3n de Redkite\u00ae por d\u00eda, dependiendo de la edad, temperamento y nivel de actividad del hur\u00f3n. Para obtener el nivel nutricional adecuado, comience ofreciendo 60 gramos de alimento. Si el hur\u00f3n no consume la cantidad total en 24 horas, red\u00fazcalo gradualmente hasta obtener la cantidad ideal por d\u00eda evitando as\u00ed problemas de sobrepeso o desperdicio.<\/p>\n<p>Recomendaciones:<br \/>\nConserve en un lugar fresco y seco. No proporcione el producto despu\u00e9s de la fecha de caducidad. Ofrezca agua en abundancia al hur\u00f3n en todo momento. Monitoree peri\u00f3dicamente el peso de su hur\u00f3n.<\/p>\n<p>Ingredientes:<br \/>\nCarne de pollo, grasa de pollo, huevo deshidratado, aceite de pescado, harina de trigo, ma\u00edz amarillo, soya descascarillada, levadura de cerveza, melaza de ca\u00f1a, calcio, f\u00f3sforo, magnesio, zinc, hierro, cobre, yodo, potasio, selenio, taurina, vitamina A, vitamina C, vitamina D3, vitamina E, vitamina E, vitamina B12, mononitrato de tiamina, riboflavina, \u00e1cido pantot\u00e9nico, niacina, piridoxina, \u00e1cido f\u00f3lico, biotina, cloruro de colina, vitamina K, lisina, metionina.<\/p>\n","protected":false},"excerpt":{"rendered":"<p>Alimento Premium para hur\u00f3n 850G<\/p>\n","protected":false},"featured_media":3506,"comment_status":"open","ping_status":"closed","template":"","meta":[],"product_cat":[19,61],"product_tag":[],"jetpack_publicize_connections":[],"_links":{"self":[{"href":"https:\/\/megamascotasdf.com\/megamascotas\/wp-json\/wp\/v2\/product\/3494"}],"collection":[{"href":"https:\/\/megamascotasdf.com\/megamascotas\/wp-json\/wp\/v2\/product"}],"about":[{"href":"https:\/\/megamascotasdf.com\/megamascotas\/wp-json\/wp\/v2\/types\/product"}],"replies":[{"embeddable":true,"href":"https:\/\/megamascotasdf.com\/megamascotas\/wp-json\/wp\/v2\/comments?post=3494"}],"wp:featuredmedia":[{"embeddable":true,"href":"https:\/\/megamascotasdf.com\/megamascotas\/wp-json\/wp\/v2\/media\/3506"}],"wp:attachment":[{"href":"https:\/\/megamascotasdf.com\/megamascotas\/wp-json\/wp\/v2\/media?parent=3494"}],"wp:term":[{"taxonomy":"product_cat","embeddable":true,"href":"https:\/\/megamascotasdf.com\/megamascotas\/wp-json\/wp\/v2\/product_cat?post=3494"},{"taxonomy":"product_tag","embeddable":true,"href":"https:\/\/megamascotasdf.com\/megamascotas\/wp-json\/wp\/v2\/product_tag?post=3494"}],"curies":[{"name":"wp","href":"https:\/\/api.w.org\/{rel}","templated":true}]}}