{"id":3474,"date":"2020-06-08T11:11:32","date_gmt":"2020-06-08T17:11:32","guid":{"rendered":"https:\/\/megamascotasdf.com\/megamascotas\/?post_type=product&#038;p=3474"},"modified":"2020-06-08T11:11:32","modified_gmt":"2020-06-08T17:11:32","slug":"9-in-1-gold-fish-pellet-2000-ml","status":"publish","type":"product","link":"https:\/\/megamascotasdf.com\/megamascotas\/producto\/9-in-1-gold-fish-pellet-2000-ml\/","title":{"rendered":"9 in 1 gold fish pellet 2000 ml"},"content":{"rendered":"<p>Pellets flotantes especiales para peces Goldfish (japoneses). Incluye la f\u00f3rmula \u00df-Glucano para fortalecer el sistema inmunol\u00f3gico y est\u00e1 compuesto por ingredientes de alta calidad estrictamente seleccionados con pigmentos naturales que refuerzan la coloraci\u00f3n. Este alimento diario balanceado tambi\u00e9n es apto todos los peces de agua fr\u00eda.<\/p>\n","protected":false},"excerpt":{"rendered":"<p>Pellets flotantes especiales para peces Goldfish (japoneses). Incluye la f\u00f3rmula \u00df-Glucano para fortalecer el sistema inmunol\u00f3gico y est\u00e1 compuesto por ingredientes de alta calidad estrictamente seleccionados con pigmentos naturales que refuerzan la coloraci\u00f3n. Este alimento diario balanceado tambi\u00e9n es apto todos los peces de agua fr\u00eda.<\/p>\n","protected":false},"featured_media":3475,"comment_status":"open","ping_status":"closed","template":"","meta":[],"product_cat":[18,52],"product_tag":[],"jetpack_publicize_connections":[],"_links":{"self":[{"href":"https:\/\/megamascotasdf.com\/megamascotas\/wp-json\/wp\/v2\/product\/3474"}],"collection":[{"href":"https:\/\/megamascotasdf.com\/megamascotas\/wp-json\/wp\/v2\/product"}],"about":[{"href":"https:\/\/megamascotasdf.com\/megamascotas\/wp-json\/wp\/v2\/types\/product"}],"replies":[{"embeddable":true,"href":"https:\/\/megamascotasdf.com\/megamascotas\/wp-json\/wp\/v2\/comments?post=3474"}],"wp:featuredmedia":[{"embeddable":true,"href":"https:\/\/megamascotasdf.com\/megamascotas\/wp-json\/wp\/v2\/media\/3475"}],"wp:attachment":[{"href":"https:\/\/megamascotasdf.com\/megamascotas\/wp-json\/wp\/v2\/media?parent=3474"}],"wp:term":[{"taxonomy":"product_cat","embeddable":true,"href":"https:\/\/megamascotasdf.com\/megamascotas\/wp-json\/wp\/v2\/product_cat?post=3474"},{"taxonomy":"product_tag","embeddable":true,"href":"https:\/\/megamascotasdf.com\/megamascotas\/wp-json\/wp\/v2\/product_tag?post=3474"}],"curies":[{"name":"wp","href":"https:\/\/api.w.org\/{rel}","templated":true}]}}