{"id":3384,"date":"2020-06-05T14:27:03","date_gmt":"2020-06-05T20:27:03","guid":{"rendered":"https:\/\/megamascotasdf.com\/megamascotas\/?post_type=product&#038;p=3384"},"modified":"2022-03-16T16:52:04","modified_gmt":"2022-03-16T22:52:04","slug":"termometro-externo-para-acuario-en-blister-lomas","status":"publish","type":"product","link":"https:\/\/megamascotasdf.com\/megamascotas\/producto\/termometro-externo-para-acuario-en-blister-lomas\/","title":{"rendered":"TERMOMETRO EXTERNO PARA ACUARIO EN BLISTER LOMAS"},"content":{"rendered":"<p>El term\u00f3metro vertical es ideal para la mayor\u00eda de los acuarios, terrarios y viviarios. Tambi\u00e9n<br \/>\ninstalaciones mixtas-una parte destinada al agua y otra al aire-como son utilizadas para<br \/>\nanfibios (es recomendable utilizar dos term\u00f3metros, uno dentro del agua y otro fuera).<\/p>\n<p>Remueva el papel adhesivo del term\u00f3metro y p\u00e9guelo en el lugar elegido.<\/p>\n<p>No exponga el term\u00f3metro a la luz directa del sol.<\/p>\n<p>FL1137<\/p>\n","protected":false},"excerpt":{"rendered":"<p>Term\u00f3metro adhesivo para acuario.<\/p>\n","protected":false},"featured_media":3385,"comment_status":"open","ping_status":"closed","template":"","meta":[],"product_cat":[18,82,59],"product_tag":[],"jetpack_publicize_connections":[],"_links":{"self":[{"href":"https:\/\/megamascotasdf.com\/megamascotas\/wp-json\/wp\/v2\/product\/3384"}],"collection":[{"href":"https:\/\/megamascotasdf.com\/megamascotas\/wp-json\/wp\/v2\/product"}],"about":[{"href":"https:\/\/megamascotasdf.com\/megamascotas\/wp-json\/wp\/v2\/types\/product"}],"replies":[{"embeddable":true,"href":"https:\/\/megamascotasdf.com\/megamascotas\/wp-json\/wp\/v2\/comments?post=3384"}],"wp:featuredmedia":[{"embeddable":true,"href":"https:\/\/megamascotasdf.com\/megamascotas\/wp-json\/wp\/v2\/media\/3385"}],"wp:attachment":[{"href":"https:\/\/megamascotasdf.com\/megamascotas\/wp-json\/wp\/v2\/media?parent=3384"}],"wp:term":[{"taxonomy":"product_cat","embeddable":true,"href":"https:\/\/megamascotasdf.com\/megamascotas\/wp-json\/wp\/v2\/product_cat?post=3384"},{"taxonomy":"product_tag","embeddable":true,"href":"https:\/\/megamascotasdf.com\/megamascotas\/wp-json\/wp\/v2\/product_tag?post=3384"}],"curies":[{"name":"wp","href":"https:\/\/api.w.org\/{rel}","templated":true}]}}