{"id":3239,"date":"2020-06-03T15:07:42","date_gmt":"2020-06-03T21:07:42","guid":{"rendered":"https:\/\/megamascotasdf.com\/megamascotas\/?post_type=product&#038;p=3239"},"modified":"2022-03-16T12:01:14","modified_gmt":"2022-03-16T18:01:14","slug":"collar-antipulgas-p-perro-gde-medical-solutions","status":"publish","type":"product","link":"https:\/\/megamascotasdf.com\/megamascotas\/producto\/collar-antipulgas-p-perro-gde-medical-solutions\/","title":{"rendered":"COLLAR ANTIPULGAS P\/PERRO GDE MEDICAL SOLUTIONS"},"content":{"rendered":"<div>Su mecanismo de acci\u00f3n act\u00faa como paralizador del par\u00e1sito, provocando su muerte y previniendo la reinfestaci\u00f3n. Es resistente al agua y repele a los ectopar\u00e1sitos hasta por 90 d\u00edas.<br \/>\nLea toda la etiqueta antes de su aplicaci\u00f3n. Para uso exclusivo en perros.<\/div>\n<div><\/div>\n<div>\u00a0FL3604<\/div>\n","protected":false},"excerpt":{"rendered":"<p>Collar antipulgas para perros de raza grande a partir de 6 semanas de edad (64 cm de longitud)<\/p>\n","protected":false},"featured_media":3240,"comment_status":"open","ping_status":"closed","template":"","meta":[],"product_cat":[16,24,26],"product_tag":[],"jetpack_publicize_connections":[],"_links":{"self":[{"href":"https:\/\/megamascotasdf.com\/megamascotas\/wp-json\/wp\/v2\/product\/3239"}],"collection":[{"href":"https:\/\/megamascotasdf.com\/megamascotas\/wp-json\/wp\/v2\/product"}],"about":[{"href":"https:\/\/megamascotasdf.com\/megamascotas\/wp-json\/wp\/v2\/types\/product"}],"replies":[{"embeddable":true,"href":"https:\/\/megamascotasdf.com\/megamascotas\/wp-json\/wp\/v2\/comments?post=3239"}],"wp:featuredmedia":[{"embeddable":true,"href":"https:\/\/megamascotasdf.com\/megamascotas\/wp-json\/wp\/v2\/media\/3240"}],"wp:attachment":[{"href":"https:\/\/megamascotasdf.com\/megamascotas\/wp-json\/wp\/v2\/media?parent=3239"}],"wp:term":[{"taxonomy":"product_cat","embeddable":true,"href":"https:\/\/megamascotasdf.com\/megamascotas\/wp-json\/wp\/v2\/product_cat?post=3239"},{"taxonomy":"product_tag","embeddable":true,"href":"https:\/\/megamascotasdf.com\/megamascotas\/wp-json\/wp\/v2\/product_tag?post=3239"}],"curies":[{"name":"wp","href":"https:\/\/api.w.org\/{rel}","templated":true}]}}