{"id":3237,"date":"2020-06-03T15:04:13","date_gmt":"2020-06-03T21:04:13","guid":{"rendered":"https:\/\/megamascotasdf.com\/megamascotas\/?post_type=product&#038;p=3237"},"modified":"2022-03-16T12:00:32","modified_gmt":"2022-03-16T18:00:32","slug":"collar-antipulgas-p-cachorro-y-perro-ch-medical-solutions","status":"publish","type":"product","link":"https:\/\/megamascotasdf.com\/megamascotas\/producto\/collar-antipulgas-p-cachorro-y-perro-ch-medical-solutions\/","title":{"rendered":"COLLAR ANTIPULGAS P\/CACHORRO Y PERRO CH MEDICAL SOLUTIONS"},"content":{"rendered":"<p>Su mecanismo de acci\u00f3n act\u00faa como paralizador del par\u00e1sito, provocando su muerte y previniendo la<br \/>\nreinfestaci\u00f3n. Es resistente al agua y repele a los ectopar\u00e1sitos hasta por 90 d\u00edas.<br \/>\nLea toda la etiqueta antes de su aplicaci\u00f3n. Para uso exclusivo en perros.<\/p>\n<p>FL3602<\/p>\n","protected":false},"excerpt":{"rendered":"<p>Collar antipulgas para perros de raza chica a partir de 6 semanas de edad (39 cm de longitud)<\/p>\n","protected":false},"featured_media":3238,"comment_status":"open","ping_status":"closed","template":"","meta":[],"product_cat":[16,24,26],"product_tag":[],"jetpack_publicize_connections":[],"_links":{"self":[{"href":"https:\/\/megamascotasdf.com\/megamascotas\/wp-json\/wp\/v2\/product\/3237"}],"collection":[{"href":"https:\/\/megamascotasdf.com\/megamascotas\/wp-json\/wp\/v2\/product"}],"about":[{"href":"https:\/\/megamascotasdf.com\/megamascotas\/wp-json\/wp\/v2\/types\/product"}],"replies":[{"embeddable":true,"href":"https:\/\/megamascotasdf.com\/megamascotas\/wp-json\/wp\/v2\/comments?post=3237"}],"wp:featuredmedia":[{"embeddable":true,"href":"https:\/\/megamascotasdf.com\/megamascotas\/wp-json\/wp\/v2\/media\/3238"}],"wp:attachment":[{"href":"https:\/\/megamascotasdf.com\/megamascotas\/wp-json\/wp\/v2\/media?parent=3237"}],"wp:term":[{"taxonomy":"product_cat","embeddable":true,"href":"https:\/\/megamascotasdf.com\/megamascotas\/wp-json\/wp\/v2\/product_cat?post=3237"},{"taxonomy":"product_tag","embeddable":true,"href":"https:\/\/megamascotasdf.com\/megamascotas\/wp-json\/wp\/v2\/product_tag?post=3237"}],"curies":[{"name":"wp","href":"https:\/\/api.w.org\/{rel}","templated":true}]}}