{"id":3220,"date":"2020-06-03T12:54:22","date_gmt":"2020-06-03T18:54:22","guid":{"rendered":"https:\/\/megamascotasdf.com\/megamascotas\/?post_type=product&#038;p=3220"},"modified":"2023-04-22T14:19:41","modified_gmt":"2023-04-22T20:19:41","slug":"filtro-externo-de-canasta-aquajet-lomas-400-l","status":"publish","type":"product","link":"https:\/\/megamascotasdf.com\/megamascotas\/producto\/filtro-externo-de-canasta-aquajet-lomas-400-l\/","title":{"rendered":"FILTRO EXTERNO DE CANASTA AQUAJET LOMAS  400 L"},"content":{"rendered":"<p>Filtro externo de vaso o canasta para acuarios de agua dulce y marinos.<br \/>\nIdeal para tener los tres tipos de filtraci\u00f3n en el orden adecuado: mec\u00e1nica, qu\u00edmica y biol\u00f3gica.<br \/>\nMotor potente y silencioso que mantiene un flujo intenso de agua.<br \/>\nGracias a sus cestas individuales permite mantener una filtraci\u00f3n personalizada en m\u00faltiples etapas,<br \/>\nde acuerdo a las necesidades del acuario, admitiendo un mayor volumen y variedad de materiales<br \/>\nfiltrantes.<br \/>\nDe f\u00e1cil instalaci\u00f3n, con v\u00e1lvula de bombeo para un arranque c\u00f3modo y seguro.<br \/>\nMaximiza el tiempo de contacto de los materiales filtrantes con el agua del acuario.<br \/>\nCierre herm\u00e9tico<\/p>\n<p>FL8904<\/p>\n","protected":false},"excerpt":{"rendered":"<p>Para acuarios de hasta 400 Litros.<br \/>\nFlujo: 1400 l\/h.<\/p>\n","protected":false},"featured_media":3221,"comment_status":"open","ping_status":"closed","template":"","meta":[],"product_cat":[18,60,54],"product_tag":[],"jetpack_publicize_connections":[],"_links":{"self":[{"href":"https:\/\/megamascotasdf.com\/megamascotas\/wp-json\/wp\/v2\/product\/3220"}],"collection":[{"href":"https:\/\/megamascotasdf.com\/megamascotas\/wp-json\/wp\/v2\/product"}],"about":[{"href":"https:\/\/megamascotasdf.com\/megamascotas\/wp-json\/wp\/v2\/types\/product"}],"replies":[{"embeddable":true,"href":"https:\/\/megamascotasdf.com\/megamascotas\/wp-json\/wp\/v2\/comments?post=3220"}],"wp:featuredmedia":[{"embeddable":true,"href":"https:\/\/megamascotasdf.com\/megamascotas\/wp-json\/wp\/v2\/media\/3221"}],"wp:attachment":[{"href":"https:\/\/megamascotasdf.com\/megamascotas\/wp-json\/wp\/v2\/media?parent=3220"}],"wp:term":[{"taxonomy":"product_cat","embeddable":true,"href":"https:\/\/megamascotasdf.com\/megamascotas\/wp-json\/wp\/v2\/product_cat?post=3220"},{"taxonomy":"product_tag","embeddable":true,"href":"https:\/\/megamascotasdf.com\/megamascotas\/wp-json\/wp\/v2\/product_tag?post=3220"}],"curies":[{"name":"wp","href":"https:\/\/api.w.org\/{rel}","templated":true}]}}