{"id":2412,"date":"2018-09-07T14:57:14","date_gmt":"2018-09-07T20:57:14","guid":{"rendered":"https:\/\/megamascotasdf.com\/megamascotas\/?post_type=product&#038;p=2412"},"modified":"2022-06-01T00:00:12","modified_gmt":"2022-06-01T06:00:12","slug":"acuario-lh1200-boyu","status":"publish","type":"product","link":"https:\/\/megamascotasdf.com\/megamascotas\/producto\/acuario-lh1200-boyu\/","title":{"rendered":"Acuario LH1200 Boyu"},"content":{"rendered":"<p>BOYU nos ofrece su acuario m\u00e1s elegante y moderna con el LH1200.<span class=\"Apple-converted-space\">\u00a0 Con 341\u00a0<\/span>litros, presenta una est\u00e9tica elegante y distintiva gracias al peculiar dise\u00f1o de su vidrio frontal termo-formado.<span class=\"Apple-converted-space\">\u00a0\u00a0<\/span>Este vidrio especial tiene tanto su frente como sus esquinas frontales curvadas,<span class=\"Apple-converted-space\">\u00a0\u00a0<\/span>eliminando as\u00ed la necesidad de usar uniones verticales de silicona.<span class=\"Apple-converted-space\">\u00a0\u00a0<\/span>Estos acuarios de calidad premium representan una de las gamas de mayor calidad de BOYU,<span class=\"Apple-converted-space\">\u00a0\u00a0<\/span>empleando acabados y materiales de muy alta calidad como el aluminio de extrusi\u00f3n lacado o el resistente pl\u00e1stico ABS junto unos controles de calidad muy estrictos.<span class=\"Apple-converted-space\">\u00a0\u00a0<\/span>Tiene dos marcos embellecedores que siguen la forma curvada del frente y esquinas del acuario. Tambi\u00e9n equipa un eficiente sistema de filtraci\u00f3n oculto bajo la cubierta del acuario que funciona por percolaci\u00f3n y aporta circulaci\u00f3n y aireaci\u00f3n para los peces y plantas acu\u00e1ticas. El LH ofrece en acabado negro mate,\u00a0 tanto para el marco decorativo como su correspondiente gabinete.<\/p>\n<p>&nbsp;<\/p>\n<p>*Fotos referenciales*<\/p>\n","protected":false},"excerpt":{"rendered":"<p>-Medidas:\u00a0124,2 x 50,4 x 75cm<\/p>\n<p>-Litraje: 341<\/p>\n<p>-Iluminacion: 2 focos T8 de 30w<\/p>\n","protected":false},"featured_media":5364,"comment_status":"open","ping_status":"closed","template":"","meta":[],"product_cat":[18,51],"product_tag":[],"jetpack_publicize_connections":[],"_links":{"self":[{"href":"https:\/\/megamascotasdf.com\/megamascotas\/wp-json\/wp\/v2\/product\/2412"}],"collection":[{"href":"https:\/\/megamascotasdf.com\/megamascotas\/wp-json\/wp\/v2\/product"}],"about":[{"href":"https:\/\/megamascotasdf.com\/megamascotas\/wp-json\/wp\/v2\/types\/product"}],"replies":[{"embeddable":true,"href":"https:\/\/megamascotasdf.com\/megamascotas\/wp-json\/wp\/v2\/comments?post=2412"}],"wp:featuredmedia":[{"embeddable":true,"href":"https:\/\/megamascotasdf.com\/megamascotas\/wp-json\/wp\/v2\/media\/5364"}],"wp:attachment":[{"href":"https:\/\/megamascotasdf.com\/megamascotas\/wp-json\/wp\/v2\/media?parent=2412"}],"wp:term":[{"taxonomy":"product_cat","embeddable":true,"href":"https:\/\/megamascotasdf.com\/megamascotas\/wp-json\/wp\/v2\/product_cat?post=2412"},{"taxonomy":"product_tag","embeddable":true,"href":"https:\/\/megamascotasdf.com\/megamascotas\/wp-json\/wp\/v2\/product_tag?post=2412"}],"curies":[{"name":"wp","href":"https:\/\/api.w.org\/{rel}","templated":true}]}}