{"id":2394,"date":"2018-08-18T15:59:09","date_gmt":"2018-08-18T21:59:09","guid":{"rendered":"https:\/\/megamascotasdf.com\/megamascotas\/?post_type=product&#038;p=2394"},"modified":"2022-03-19T16:33:30","modified_gmt":"2022-03-19T22:33:30","slug":"filtro-cascada-aquaclear","status":"publish","type":"product","link":"https:\/\/megamascotasdf.com\/megamascotas\/producto\/filtro-cascada-aquaclear\/","title":{"rendered":"Filtros Cascada AquaClear Hagen"},"content":{"rendered":"<p>Caracter\u00edsticas:<\/p>\n<p>\u2022Sistema de filtraci\u00f3n patentado para un acuario saludable y agua clara.<br \/>\n\u2022Ideal para peces y plantas delicadas que requieren un flujo de agua suave.<br \/>\n\u2022Sistema de filtraci\u00f3n patentado que le permite controlar la velocidad de flujo sin comprometer la eficacia de la filtraci\u00f3n.<br \/>\n\u2022Cuando se reduce la velocidad de flujo, hasta el 50% del agua dentro de la c\u00e1mara de filtro se procesa varias veces.<br \/>\n\u2022M\u00e1s impurezas se filtran creando un tanque m\u00e1s saludable con agua limpia y clara.<\/p>\n<p>Nota:<br \/>\nTambi\u00e9n se recomienda un caudal reducido para su uso durante la alimentaci\u00f3n, para asegurar el consumo de alimentos m\u00e1s eficiente y menos residuos.<\/p>\n<p>Funcionamiento:<br \/>\nSistema de filtraci\u00f3n multi-etapa.<br \/>\nProporciona \u00f3ptima Mec\u00e1nica, Qu\u00edmica, Biol\u00f3gica.<br \/>\nEtapa 1: Mec\u00e1nica<br \/>\nEspuma: Atrapa un gran numero de part\u00edculas creadas por los residuos de comida y desechos de los peces.<br \/>\nEtapa 2: Qu\u00edmica<br \/>\nCarb\u00f3n activado: Absorbe olores, colores e impurezas. Mejorar la claridad del agua y color.<br \/>\nEtapa 3: Biol\u00f3gica<br \/>\nBioMax: Aumenta la eficiencia biol\u00f3gica en un 30%. Proporciona las condiciones de vida \u00f3ptimas para las bacterias<br \/>\nben\u00e9ficas.<br \/>\nBeneficios:<br \/>\n\u2022Cycleguard ahora con Biomax.<br \/>\n\u2022Conserva las bacterias ben\u00e9ficas para un ambiente libre de estr\u00e9s.<br \/>\n\u2022Sistema de filtraci\u00f3n AquaClear multi-etapas.<\/p>\n","protected":false},"excerpt":{"rendered":"<ul>\n<li>Incluye: Espuma, de carbono, BioMax.<\/li>\n<li>Sistema de filtraci\u00f3n AquaClear multi-etapas.<\/li>\n<li>Conserva las bacterias ben\u00e9ficas para un ambiente libre de estr\u00e9s.<\/li>\n<\/ul>\n","protected":false},"featured_media":7323,"comment_status":"open","ping_status":"closed","template":"","meta":[],"product_cat":[18,60],"product_tag":[],"jetpack_publicize_connections":[],"_links":{"self":[{"href":"https:\/\/megamascotasdf.com\/megamascotas\/wp-json\/wp\/v2\/product\/2394"}],"collection":[{"href":"https:\/\/megamascotasdf.com\/megamascotas\/wp-json\/wp\/v2\/product"}],"about":[{"href":"https:\/\/megamascotasdf.com\/megamascotas\/wp-json\/wp\/v2\/types\/product"}],"replies":[{"embeddable":true,"href":"https:\/\/megamascotasdf.com\/megamascotas\/wp-json\/wp\/v2\/comments?post=2394"}],"wp:featuredmedia":[{"embeddable":true,"href":"https:\/\/megamascotasdf.com\/megamascotas\/wp-json\/wp\/v2\/media\/7323"}],"wp:attachment":[{"href":"https:\/\/megamascotasdf.com\/megamascotas\/wp-json\/wp\/v2\/media?parent=2394"}],"wp:term":[{"taxonomy":"product_cat","embeddable":true,"href":"https:\/\/megamascotasdf.com\/megamascotas\/wp-json\/wp\/v2\/product_cat?post=2394"},{"taxonomy":"product_tag","embeddable":true,"href":"https:\/\/megamascotasdf.com\/megamascotas\/wp-json\/wp\/v2\/product_tag?post=2394"}],"curies":[{"name":"wp","href":"https:\/\/api.w.org\/{rel}","templated":true}]}}